{"id":8158,"date":"2023-04-13T20:43:27","date_gmt":"2023-04-13T18:43:27","guid":{"rendered":"https:\/\/flowbergit.pl\/shop\/"},"modified":"2024-03-12T06:58:07","modified_gmt":"2024-03-12T05:58:07","slug":"shop","status":"publish","type":"page","link":"https:\/\/flowbergit.pl\/de\/shop\/","title":{"rendered":"Shop"},"content":{"rendered":"\n<div class=\"wp-block-uagb-container uagb-block-45d0bacf alignfull uagb-is-root-container\"><div class=\"uagb-container-inner-blocks-wrap\">\n<div class=\"wp-block-uagb-container uagb-block-11e3a8c9\">\n<div class=\"wp-block-uagb-advanced-heading uagb-block-a7c45b53\"><h3 class=\"uagb-heading-text\">Sprawd\u017a warianty us\u0142ug dost\u0119pnych w <em>FLOWBERGIT<\/em><\/h3><\/div>\n<\/div>\n<\/div><\/div>\n","protected":false},"excerpt":{"rendered":"<p>Sprawd\u017a warianty us\u0142ug dost\u0119pnych w FLOWBERGIT<\/p>\n","protected":false},"author":54,"featured_media":0,"parent":0,"menu_order":0,"comment_status":"closed","ping_status":"closed","template":"","meta":{"_uag_custom_page_level_css":"","footnotes":""},"uagb_featured_image_src":{"full":false,"thumbnail":false,"medium":false,"medium_large":false,"large":false,"1536x1536":false,"2048x2048":false,"woocommerce_thumbnail":false,"woocommerce_single":false,"woocommerce_gallery_thumbnail":false},"uagb_author_info":{"display_name":"Przemyslaw Czujowski","author_link":"#"},"uagb_comment_info":0,"uagb_excerpt":"Sprawd\u017a warianty us\u0142ug dost\u0119pnych w FLOWBERGIT","_links":{"self":[{"href":"https:\/\/flowbergit.pl\/de\/wp-json\/wp\/v2\/pages\/8158"}],"collection":[{"href":"https:\/\/flowbergit.pl\/de\/wp-json\/wp\/v2\/pages"}],"about":[{"href":"https:\/\/flowbergit.pl\/de\/wp-json\/wp\/v2\/types\/page"}],"author":[{"embeddable":true,"href":"https:\/\/flowbergit.pl\/de\/wp-json\/wp\/v2\/users\/54"}],"replies":[{"embeddable":true,"href":"https:\/\/flowbergit.pl\/de\/wp-json\/wp\/v2\/comments?post=8158"}],"version-history":[{"count":0,"href":"https:\/\/flowbergit.pl\/de\/wp-json\/wp\/v2\/pages\/8158\/revisions"}],"wp:attachment":[{"href":"https:\/\/flowbergit.pl\/de\/wp-json\/wp\/v2\/media?parent=8158"}],"curies":[{"name":"wp","href":"https:\/\/api.w.org\/{rel}","templated":true}]}}