{"id":8995,"date":"2023-11-17T17:02:44","date_gmt":"2023-11-17T16:02:44","guid":{"rendered":"https:\/\/flowbergit.pl\/virtualisierung-von-ressourcen\/"},"modified":"2024-04-10T08:22:38","modified_gmt":"2024-04-10T06:22:38","slug":"virtualisierung-von-ressourcen","status":"publish","type":"page","link":"https:\/\/flowbergit.pl\/de\/virtualisierung-von-ressourcen\/","title":{"rendered":"Virtualisierung von Ressourcen"},"content":{"rendered":"\n<div class=\"wp-block-uagb-container uagb-block-45d0bacf alignfull uagb-is-root-container\"><div class=\"uagb-container-inner-blocks-wrap\">\n<div class=\"wp-block-uagb-container uagb-block-11e3a8c9\">\n<div class=\"wp-block-uagb-advanced-heading uagb-block-a7c45b53\"><h3 class=\"uagb-heading-text\">Die <em>virtuelle Infrastruktur<\/em> bietet einen anderen Blickwinkel auf die derzeit genutzten Computersysteme.<\/h3><\/div>\n<\/div>\n\n\n\n<div class=\"wp-block-uagb-container uagb-block-1715c0c0\">\n<div class=\"wp-block-uagb-advanced-heading uagb-block-8b180c3f\"><p class=\"uagb-heading-text\"><strong>Mit einer virtuellen Infrastruktur stehen Ihnen bei gleicher Hardware-Plattform ein Vielfaches an Rechenressourcen zur Verf\u00fcgung. Diese Ressourcen erm\u00f6glichen Ihnen eine optimale und effiziente Verwaltung Ihrer Infrastruktur auf unternehmensweiter Basis.<\/strong><\/p><\/div>\n<\/div>\n<\/div><\/div>\n\n\n\n<div class=\"wp-block-uagb-container uagb-block-b1b65be8 alignfull uagb-is-root-container\"><div class=\"uagb-container-inner-blocks-wrap\">\n<div class=\"wp-block-uagb-advanced-heading uagb-block-fe2e32d4\"><h3 class=\"uagb-heading-text\">Was ist eine virtuelle Infrastruktur?<\/h3><\/div>\n<\/div><\/div>\n\n\n\n<div class=\"wp-block-uagb-container uagb-block-b8c5cf99 alignfull uagb-is-root-container\"><div class=\"uagb-container-inner-blocks-wrap\">\n<div class=\"wp-block-uagb-separator uagb-block-503c028a\"><div class=\"wp-block-uagb-separator__inner\" style=\"--my-background-image:\"><\/div><\/div>\n<\/div><\/div>\n\n\n\n<div class=\"wp-block-uagb-container uagb-block-e83f6c55 alignfull uagb-is-root-container\"><div class=\"uagb-container-inner-blocks-wrap\">\n<div class=\"wp-block-uagb-container uagb-block-cc5ab32c\">\n<div class=\"wp-block-uagb-advanced-heading uagb-block-deaf73fc\"><p class=\"uagb-heading-text\">Die Architektur der virtuellen Infrastruktur erm\u00f6glicht es dem Unternehmen, die Kosten f\u00fcr IT-Systeme zu senken, indem sie die Effizienz und Flexibilit\u00e4t erh\u00f6ht und die Reaktionszeit verk\u00fcrzt. Die Verwaltung der virtuellen Infrastruktur erm\u00f6glicht es der IT-Abteilung, Ressourcen schnell zuzuweisen, um den Gesch\u00e4ftsanforderungen gerecht zu werden (ein neuer Server kann in wenigen Minuten eingerichtet werden).<\/p><\/div>\n<\/div>\n\n\n\n<div class=\"wp-block-uagb-container uagb-block-16864d2d\">\n<div class=\"wp-block-uagb-advanced-heading uagb-block-c414eb03\"><p class=\"uagb-heading-text\">So k\u00f6nnen neue Dienste einfach und bequem angeboten und die Menge der einer Anwendung zugewiesenen Ressourcen ge\u00e4ndert werden. Das Rechenzentrum kann als ein einheitlicher Pool von Ressourcen wie Rechenleistung, Speicherplatz und Netzbandbreite behandelt werden.<\/p><\/div>\n<\/div>\n<\/div><\/div>\n\n\n\n<div class=\"wp-block-uagb-container uagb-block-b5bb3c3b alignfull uagb-is-root-container\"><div class=\"uagb-container-inner-blocks-wrap\">\n<div class=\"wp-block-uagb-info-box uagb-block-be34d9b7 uagb-infobox__content-wrap  uagb-infobox-icon-above-title uagb-infobox-image-valign-top\"><div class=\"uagb-ifb-content\"><div class=\"uagb-ifb-title-wrap\"><h3 class=\"uagb-ifb-title\">Die Einf\u00fchrung einer virtuellen Infrastruktur erm\u00f6glicht es der IT-Abteilung, besser auf die Bed\u00fcrfnisse des Unternehmens zu reagieren, u. a. durch:<\/h3><\/div><p class=\"uagb-ifb-desc\"><br>&#8211; Erh\u00f6hung der Auslastungsrate von Servern mit x86-Prozessoren (IA 32 und AMD 64) auf 60-80 % (von derzeit 5-10 %),<br>&#8211; Verk\u00fcrzung der Zeit f\u00fcr die Konfiguration neuer Anwendungen von einigen Tagen auf einige Dutzend Sekunden,<br>&#8211; Verk\u00fcrzung der Reaktionszeit auf \u00c4nderungsanfragen auf einige Minuten,<br>&#8211; Wartung von Ger\u00e4ten ohne Ausfallzeiten und ohne Warten auf ein &#8222;Service-Fenster&#8220; (geplante Service-Ausfallzeiten).<br><br>Die Virtualisierung ist eine L\u00f6sung, die es dem Unternehmen erm\u00f6glicht, die Kosten erheblich zu senken, schneller auf Gesch\u00e4ftsanforderungen zu reagieren und flexible und konsistente IT-Dienste anzubieten.<\/p><\/div><\/div>\n<\/div><\/div>\n\n\n\n<div class=\"wp-block-uagb-container uagb-block-0320a6ca alignfull uagb-is-root-container\"><div class=\"uagb-container-inner-blocks-wrap\">\n<div class=\"wp-block-uagb-separator uagb-block-17232908\"><div class=\"wp-block-uagb-separator__inner\" style=\"--my-background-image:\"><\/div><\/div>\n<\/div><\/div>\n\n\n\n<div class=\"wp-block-uagb-container uagb-block-981ae78f alignfull uagb-is-root-container\"><div class=\"uagb-container-inner-blocks-wrap\">\n<div class=\"wp-block-uagb-info-box uagb-block-76bff286 uagb-infobox__content-wrap  uagb-infobox-icon-above-title uagb-infobox-image-valign-top\"><div class=\"uagb-ifb-content\"><div class=\"uagb-ifb-title-wrap\"><h3 class=\"uagb-ifb-title\">Kostensenkung:<\/h3><\/div><p class=\"uagb-ifb-desc\"><br>&#8211; nur die ben\u00f6tigten Ressourcen zu bezahlen,<br>&#8211; h\u00f6here Effizienz der IT-Investitionen (geringere Abschreibungs- und Betriebskosten),<br>&#8211; leichtere Trennung der strategischen IT-Investitionen von den Routinefunktionen der IT-Systeme.<\/p><\/div><\/div>\n<\/div><\/div>\n\n\n\n<div class=\"wp-block-uagb-container uagb-block-f3d739a6 alignfull uagb-is-root-container\"><div class=\"uagb-container-inner-blocks-wrap\">\n<div class=\"wp-block-uagb-separator uagb-block-8c28b322\"><div class=\"wp-block-uagb-separator__inner\" style=\"--my-background-image:\"><\/div><\/div>\n<\/div><\/div>\n\n\n\n<div class=\"wp-block-uagb-container uagb-block-edff79b0 alignfull uagb-is-root-container\"><div class=\"uagb-container-inner-blocks-wrap\">\n<div class=\"wp-block-uagb-info-box uagb-block-1396f348 uagb-infobox__content-wrap  uagb-infobox-icon-above-title uagb-infobox-image-valign-top\"><div class=\"uagb-ifb-content\"><div class=\"uagb-ifb-title-wrap\"><h3 class=\"uagb-ifb-title\">Flexiblere und einheitlichere IT-Dienste:<\/h3><\/div><p class=\"uagb-ifb-desc\"><br>&#8211; Nutzung von Technologien, f\u00fcr die bereits Kosten angefallen sind, wie z. B. Storage Area Networks (SANs) und Virtual Local Area Networks (VLANs),<br>&#8211; M\u00f6glichkeit, kosteng\u00fcnstigere Plattformen zu w\u00e4hlen; Verringerung des Risikos und Verbesserung der Reaktionsf\u00e4higkeit.<\/p><\/div><\/div>\n<\/div><\/div>\n\n\n\n<div class=\"wp-block-uagb-container uagb-block-3786befb alignfull uagb-is-root-container\"><div class=\"uagb-container-inner-blocks-wrap\">\n<div class=\"wp-block-uagb-separator uagb-block-5a5b7a33\"><div class=\"wp-block-uagb-separator__inner\" style=\"--my-background-image:\"><\/div><\/div>\n<\/div><\/div>\n\n\n\n<div class=\"wp-block-uagb-container uagb-block-f745428d alignfull uagb-is-root-container\"><div class=\"uagb-container-inner-blocks-wrap\">\n<div class=\"wp-block-uagb-info-box uagb-block-ba61d61a uagb-infobox__content-wrap  uagb-infobox-icon-above-title uagb-infobox-image-valign-top\"><div class=\"uagb-ifb-content\"><div class=\"uagb-ifb-title-wrap\"><h3 class=\"uagb-ifb-title\">Schnellere Reaktion auf Gesch\u00e4ftsanforderungen:<\/h3><\/div><p class=\"uagb-ifb-desc\"><br>&#8211; einfachere Integration mit Partnern und Kunden,<br>&#8211; schnellere Durchf\u00fchrung von Erweiterungs-, Management- und Verwaltungsaufgaben,<br>&#8211; schnellere Bereitstellung von Ressourcen oder deren Weitergabe an die Gesch\u00e4ftsbereiche, die sie ben\u00f6tigen.<\/p><\/div><\/div>\n<\/div><\/div>\n\n\n\n<div class=\"wp-block-uagb-container uagb-block-f96631ea alignfull uagb-is-root-container\"><div class=\"uagb-container-inner-blocks-wrap\">\n<div class=\"wp-block-uagb-container uagb-block-21913c9e alignfull uagb-is-root-container\"><div class=\"uagb-container-inner-blocks-wrap\">\n<div class=\"wp-block-uagb-container uagb-block-7267e014\">\n<div class=\"wp-block-uagb-advanced-heading uagb-block-c81f7d90\"><p class=\"uagb-heading-text\">Sprechen Sie mit mir \u00fcber das Angebot des Datenzentrums in Wroclaw<\/p><\/div>\n\n\n\n<p><\/p>\n\n\n\n<div class=\"wp-block-uagb-advanced-heading uagb-block-745b194f\"><p class=\"uagb-heading-text\"><strong>Robert Kucner<\/strong> | Vertriebsleiter DC\/Cloud Services, ICT, Kollokation, Cybersecurity, Konnektivit\u00e4t<\/p><\/div>\n<\/div>\n\n\n\n<div class=\"wp-block-uagb-container uagb-block-7f040da5\"><div data-uniq='69def3514712d' class='uniq-69def3514712d formcraft-css form-live align-left'><script> window.formcraftLogic = window.formcraftLogic || {}; window.formcraftLogic[27] = []; <\/script><div class=\"fc-pagination-cover fc-pagination-1\">\n\t\t\t\t<div class=\"fc-pagination width-100\">\n\t\t\t\t\t<!-- ngRepeat: page in Builder.FormElements track by $index --><div class=\"pagination-trigger \" data-index=\"0\">\n\t\t\t\t\t\t<span class=\"page-number\"><span >1<\/span><\/span>\n\t\t\t\t\t\t<span class=\"page-name \">Step 1<\/span>\n\t\t\t\t\t\t\n\t\t\t\t\t<\/div><!-- end ngRepeat: page in Builder.FormElements track by $index -->\n\t\t\t\t<\/div>\n\t\t\t<\/div>\n\t\t\t\n\t\t\t<style scoped=\"scoped\" >\n\t\t\t@media (max-width : 480px) {\n\t\t\t\t.fc_modal-dialog-27 .fc-pagination-cover .fc-pagination\n\t\t\t\t{\n\t\t\t\t\tbackground-color: none !important;\n\t\t\t\t}\n\t\t\t}\n\t\t\t\t\t\t.formcraft-css .fc-form.fc-form-27 .form-element .submit-cover .submit-button,\n\t\t\t.formcraft-css .fc-form.fc-form-27 .form-element .fileupload-cover .button-file,\n\t\t\t.formcraft-css .fc-form.fc-form-27 .form-element .field-cover .button,\n\t\t\t.formcraft-datepicker .ui-datepicker-header,\n\t\t\t.formcraft-datepicker .ui-datepicker-title\n\t\t\t{\n\t\t\t\tbackground: #000000;\n\t\t\t\tcolor: #ffffff;\n\t\t\t}\n\t\t\t.formcraft-datepicker td .ui-state-active,\n\t\t\t.formcraft-datepicker td .ui-state-hover,\n\t\t\t.formcraft-css .fc-form.fc-form-27 .form-element .slider-cover .ui-slider-range\n\t\t\t{\n\t\t\t\tbackground: #000000;\n\t\t\t}\n\t\t\t#ui-datepicker-div.formcraft-datepicker .ui-datepicker-header,\n\t\t\t.formcraft-css .fc-form .field-cover>div.full hr\n\t\t\t{\n\t\t\t\tborder-color: #000000;\n\t\t\t}\n\t\t\t#ui-datepicker-div.formcraft-datepicker .ui-datepicker-prev:hover,\n\t\t\t#ui-datepicker-div.formcraft-datepicker .ui-datepicker-next:hover,\n\t\t\t#ui-datepicker-div.formcraft-datepicker select.ui-datepicker-month:hover,\n\t\t\t#ui-datepicker-div.formcraft-datepicker select.ui-datepicker-year:hover\n\t\t\t{\n\t\t\t\tbackground-color: #000000;\n\t\t\t}\n\t\t\t.formcraft-css .fc-pagination>div.active .page-number,\n\t\t\t.formcraft-css .form-cover-builder .fc-pagination>div:first-child .page-number\n\t\t\t{\n\t\t\t\tbackground-color: #4488ee;\n\t\t\t\tcolor: #ffffff;\n\t\t\t}\n\t\t\t#ui-datepicker-div.formcraft-datepicker table.ui-datepicker-calendar th,\n\t\t\t#ui-datepicker-div.formcraft-datepicker table.ui-datepicker-calendar td.ui-datepicker-today a,\n\t\t\t.formcraft-css .fc-form.fc-form-27 .form-element .star-cover label,\n\t\t\thtml .formcraft-css .fc-form.label-floating .form-element .field-cover.has-focus>span,\n\t\t\t.formcraft-css .fc-form.fc-form-27 .form-element .customText-cover a,\n\t\t\t.formcraft-css .prev-next>div span:hover\n\t\t\t{\n\t\t\t\tcolor: #000000;\n\t\t\t}\n\t\t\t.formcraft-css .fc-form.fc-form-27 .form-element .customText-cover a:hover\n\t\t\t{\n\t\t\t\tcolor: #000000;\n\t\t\t}\n\t\t\thtml .formcraft-css .fc-form.fc-form-27.label-floating .form-element .field-cover > span\n\t\t\t{\n\t\t\t\tcolor: #0a0a0a;\n\t\t\t}\n\t\t\thtml .formcraft-css .fc-form .final-success .final-success-check {\n\t\t\t\tborder: 2px solid #0a0a0a;\n\t\t\t}\n\t\t\t.formcraft-css .fc-form.fc-form-27 .form-element .field-cover input[type=\"text\"],\n\t\t\t.formcraft-css .fc-form.fc-form-27 .form-element .field-cover input[type=\"email\"],\n\t\t\t.formcraft-css .fc-form.fc-form-27 .form-element .field-cover input[type=\"password\"],\n\t\t\t.formcraft-css .fc-form.fc-form-27 .form-element .field-cover input[type=\"tel\"],\n\t\t\t.formcraft-css .fc-form.fc-form-27 .form-element .field-cover textarea,\n\t\t\t.formcraft-css .fc-form.fc-form-27 .form-element .field-cover select,\n\t\t\t.formcraft-css .fc-form.fc-form-27 .form-element .field-cover .time-fields-cover,\n\t\t\t.formcraft-css .fc-form.fc-form-27 .form-element .field-cover .awesomplete ul\n\t\t\t{\n\t\t\t\tcolor: #0a0a0a;\n\t\t\t}\n\t\t\t.formcraft-css .fc-form.fc-form-27 .form-element .field-cover input[type=\"text\"],\n\t\t\t.formcraft-css .fc-form.fc-form-27 .form-element .field-cover input[type=\"password\"],\n\t\t\t.formcraft-css .fc-form.fc-form-27 .form-element .field-cover input[type=\"email\"],\n\t\t\t.formcraft-css .fc-form.fc-form-27 .form-element .field-cover input[type=\"radio\"],\n\t\t\t.formcraft-css .fc-form.fc-form-27 .form-element .field-cover input[type=\"checkbox\"],\n\t\t\t.formcraft-css .fc-form.fc-form-27 .form-element .field-cover input[type=\"tel\"],\n\t\t\t.formcraft-css .fc-form.fc-form-27 .form-element .field-cover select,\n\t\t\t.formcraft-css .fc-form.fc-form-27 .form-element .field-cover textarea\n\t\t\t{\n\t\t\t\tbackground-color: #fafafa;\n\t\t\t}\n\t\t\t.formcraft-css .fc-form.fc-form-27 .form-element .field-cover input[type=\"radio\"]:checked,\n\t\t\t.formcraft-css .fc-form.fc-form-27 .form-element .field-cover input[type=\"checkbox\"]:checked {\n\t\t\t\tborder-color: #000000;\n\t\t\t\tbackground: #000000;\t\t\t\t\n\t\t\t}\n\t\t\t.formcraft-css .fc-form.fc-form-27 .form-element .star-cover label .star\n\t\t\t{\n\t\t\t\ttext-shadow: 0px 1px 0px #000000;\n\t\t\t}\n\t\t\t.formcraft-css .fc-form.fc-form-27 .form-element .slider-cover .ui-slider-range\n\t\t\t{\n\t\t\t\tbox-shadow: 0px 1px 1px #000000 inset;\n\t\t\t}\n\t\t\t.formcraft-css .fc-form.fc-form-27 .form-element .fileupload-cover .button-file\n\t\t\t{\n\t\t\t\tborder-color: #000000;\n\t\t\t}\n\t\t\t.formcraft-css .fc-form.fc-form-27 .form-element .form-element-html input[type=\"password\"]:focus,\n\t\t\t.formcraft-css .fc-form.fc-form-27 .form-element .form-element-html input[type=\"email\"]:focus,\n\t\t\t.formcraft-css .fc-form.fc-form-27 .form-element .form-element-html input[type=\"tel\"]:focus,\n\t\t\t.formcraft-css .fc-form.fc-form-27 .form-element .form-element-html input[type=\"text\"]:focus,\n\t\t\t.formcraft-css .fc-form.fc-form-27 .form-element .form-element-html textarea:focus,\n\t\t\t.formcraft-css .fc-form.fc-form-27 .form-element .form-element-html select:focus\n\t\t\t{\n\t\t\t\tborder-color: #000000;\n\t\t\t}\n\t\t\t.formcraft-css .fc-form.fc-form-27 .form-element .form-element-html .field-cover .is-read-only:focus {\n\t\t\t\tborder-color: #ccc;\n\t\t\t}\n\t\t\t.formcraft-css .fc-form.fc-form-27\t\t\t{\n\t\t\t\tfont-family: inherit;\n\t\t\t}\n\t\t\t@media (max-width : 480px) {\n\t\t\t\thtml .dedicated-page,\n\t\t\t\thtml .dedicated-page .formcraft-css .fc-pagination > div.active\n\t\t\t\t{\n\t\t\t\t\tbackground: none;\n\t\t\t\t}\n\t\t\t}\n\t\t<\/style>\n\t\t<div class=\"form-cover\">\n\t\t\t<form data-auto-scroll=\"\" data-no-message-redirect=\"\" data-thousand=\"\" data-decimal=\".\" data-delay=\"\" data-id=\"27\" class=\"fc-form fc-form-27 align- fc-temp-class save-form- dont-submit-hidden- disable-enter- label-floating field-border-visible frame-hidden remove-asterisk-true icons-hide-true field-alignment-left\" style=\"width: 100%; color: #0a0a0a; font-size: 100%; background: none\">\n\t\t\t\t<!-- ngRepeat: page in Builder.FormElements track by $index --><div class=\"form-page form-page-0\" data-index=\"0\">\n\t\t\t\t\t\n\t\t\t\t\t<div class=\"form-page-content      ng-not-empty\">\n\t\t\t\t\t\t<div data-identifier=\"field1\" data-index=\"0\" style=\"width: 100%\" class=\" form-element form-element-field1 options-false form-element-0 default-false form-element-type-oneLineText is-required-false odd -handle\">\n\t\t\t\t\t\t\t<div class=\"form-element-html\"><div ><label class=\"oneLineText-cover field-cover \"><span class=\"sub-label-false\"><span class=\"main-label\"><span >Vor-und Nachname<\/span><\/span><span class=\"sub-label\"><\/span><\/span><div><span class=\"error\"><\/span><input type=\"text\" placeholder=\"\" make-read-only=\"false\" data-field-id=\"field1\" name=\"field1[]\" data-min-char=\"\" data-max-char=\"\" data-val-type=\"\" data-regexp=\"\" data-is-required=\"false\" data-allow-spaces=\"\" class=\"validation-lenient\" data-placement=\"right\" data-toggle=\"tooltip\" tooltip=\"\" data-trigger=\"focus\" data-html=\"true\" data-input-mask=\"\" data-mask-placeholder=\"\" data-original-title=\"\"><i class=\"formcraft-icon formcraft-icon-type-\"><\/i><\/div><\/label><\/div><\/div>\n\t\t\t\t\t\t\t\n\t\t\t\t\t\t<\/div><div data-identifier=\"field2\" data-index=\"1\" style=\"width: 100%\" class=\" even form-element form-element-field2 options-false form-element-1 default-false form-element-type-email is-required-true -handle\">\n\t\t\t\t\t\t\t<div class=\"form-element-html\"><div ><label class=\"email-cover field-cover \"><span class=\"sub-label-true\"><span class=\"main-label\"><span >Email<\/span><\/span><span class=\"sub-label\"><span >a valid email<\/span><\/span><\/span><div><span class=\"error\"><\/span><input placeholder=\"\" data-field-id=\"field2\" type=\"text\" data-val-type=\"email\" make-read-only=\"\" data-is-required=\"true\" name=\"field2\" class=\"validation-lenient\" data-placement=\"right\" data-toggle=\"tooltip\" tooltip=\"\" data-trigger=\"focus\" data-html=\"true\" data-original-title=\"\"><i class=\"formcraft-icon\">email<\/i><\/div><\/label><\/div><\/div>\n\t\t\t\t\t\t\t\n\t\t\t\t\t\t<\/div><div data-identifier=\"field3\" data-index=\"2\" style=\"width: 100%\" class=\" form-element form-element-field3 options-false form-element-2 default-false form-element-type-dropdown is-required-true odd -handle\">\n\t\t\t\t\t\t\t<div class=\"form-element-html\"><div ><label class=\"dropdown-cover field-cover autocomplete-type- \"><span class=\"sub-label-false\"><span class=\"main-label\"><\/span><span class=\"sub-label\"><\/span><\/span><div><span class=\"error\"><\/span><select data-is-required=\"true\" class=\"validation-lenient\" data-field-id=\"field3\" name=\"field3\" data-placement=\"right\" data-toggle=\"tooltip\" tooltip=\"\" data-trigger=\"hover\" data-html=\"true\" data-original-title=\"\"><option value=\"\" class=\" \">Dienstleistungen<\/option><option value=\"Sicherung und Wiederherstellung\" class=\" \">Sicherung und Wiederherstellung<\/option><option value=\"Internet-Sicherheit\" class=\" \">Internet-Sicherheit<\/option><option value=\"Anwendungs\u00fcberwachung\" class=\" \">Anwendungs\u00fcberwachung<\/option><option value=\"Massenspeicher\" class=\" \">Massenspeicher<\/option><option value=\"IT-Integration\" class=\" \">IT-Integration<\/option><option value=\"Serviceproblem\" class=\" \">Serviceproblem<\/option><\/select><input type=\"text\"><\/div><\/label><\/div><\/div>\n\t\t\t\t\t\t\t\n\t\t\t\t\t\t<\/div><div data-identifier=\"field4\" data-index=\"3\" style=\"width: 100%\" class=\" even form-element form-element-field4 options-false form-element-3 default-false form-element-type-textarea is-required-false -handle\">\n\t\t\t\t\t\t\t<div class=\"form-element-html\"><div ><label class=\"textarea-cover field-cover \"><span class=\"sub-label-false\"><span class=\"main-label\"><span >Wie k\u00f6nnen wir Ihnen helfen?<\/span><\/span><span class=\"sub-label\"><\/span><\/span><div><span class=\"error\"><\/span><textarea data-field-id=\"field4\" placeholder=\"\" class=\"validation-lenient\" name=\"field4\" value=\"\" rows=\"5\" data-min-char=\"\" data-max-char=\"\" data-is-required=\"false\" data-placement=\"right\" data-toggle=\"tooltip\" tooltip=\"\" data-trigger=\"focus\" data-html=\"true\" data-original-title=\"\" style=\"min-height: 107.938px\"><\/textarea><div class=\"count-\"><span class=\"current-count\">0<\/span> \/ <span class=\"max-count \"><\/span><\/div><\/div><\/label><\/div><\/div>\n\t\t\t\t\t\t\t\n\t\t\t\t\t\t<\/div><div data-identifier=\"field7\" data-index=\"4\" style=\"width: 100%\" class=\" form-element form-element-field7 options- form-element-4 default-false form-element-type-reCaptcha is-required-false odd -handle\">\n\t\t\t\t\t\t\t<div class=\"form-element-html\"><div ><div data-site-key=\"6LcW3aspAAAAAPv3ksNlDD3LWtOZTXNJZ5eJzXsL\" class=\"captcha-placeholder \">reCaptcha v3<\/div><input type=\"hidden\" class=\"recaptcha-token \" name=\"recaptcha-token\"><\/div><\/div>\n\t\t\t\t\t\t\t\n\t\t\t\t\t\t<\/div><div data-identifier=\"field5\" data-index=\"5\" style=\"width: 100%\" class=\" even form-element form-element-field5 options-false form-element-5 default-false form-element-type-checkbox is-required-false -handle\">\n\t\t\t\t\t\t\t<div class=\"form-element-html\"><div ><div class=\"images- checkbox-cover field-cover\"><span class=\"sub-label-false\"><span class=\"main-label\"><\/span><span class=\"sub-label\"><\/span><\/span><div data-placement=\"right\" data-toggle=\"tooltip\" tooltip=\"\" data-trigger=\"hover\" data-html=\"true\" data-original-title=\"\"><span class=\"error\"><\/span><label style=\"width:\" ><img alt=\"\"><input data-field-id=\"field5\" type=\"checkbox\" data-is-required=\"false\" name=\"field5[]\" value=\"<p><span style=&quot;font-size: 13px;&quot;>Hiermit stimme ich der Verarbeitung meiner personenbezogenen Daten zu. FLOWBERGIT Sp. z o.o. z o. \u00d6. verarbeitet personenbezogene und sensible Daten im Einklang mit den gesetzlichen Vorschriften. Weitere Informationen in unserem <a href=&quot;\/polityka-prywatnosci\/&quot;>Datenschutzerkl\u00e4rung<\/a>.<\/span><\/p>\" class=\"validation-lenient\"><span><p ><span>Hiermit stimme ich der Verarbeitung meiner personenbezogenen Daten zu. FLOWBERGIT Sp. z o.o. z o. \u00d6. verarbeitet personenbezogene und sensible Daten im Einklang mit den gesetzlichen Vorschriften. Weitere Informationen in unserem <a href=\"\/polityka-prywatnosci\/\">Datenschutzerkl\u00e4rung<\/a>.<\/span><\/p><\/span><\/label><\/div><\/div><\/div><\/div>\n\t\t\t\t\t\t\t\n\t\t\t\t\t\t<\/div><div data-identifier=\"field6\" data-index=\"6\" style=\"width: 100%\" class=\" form-element form-element-field6 options-true form-element-6 default-false form-element-type-submit is-required-false odd -handle\">\n\t\t\t\t\t\t\t<div class=\"form-element-html\"><div ><div class=\"align-right wide-false submit-cover field-cover\"><button type=\"submit\" class=\"button submit-button\"><span class=\"text \">Einreichen<\/span><span class=\"spin-cover\"><i style=\"color:\" class=\"loading-icon icon-cog animate-spin\"><\/i><\/span><\/button><\/div><div class=\"submit-response \"><\/div><label ><input type=\"text\" class=\"required_field\" name=\"website\" autocomplete=\"maple-syrup-pot\"><\/label><\/div><\/div>\n\t\t\t\t\t\t\t\n\t\t\t\t\t\t<\/div>\n\t\t\t\t\t<\/div>\n\t\t\t\t<\/div><!-- end ngRepeat: page in Builder.FormElements track by $index -->\n\t\t\t<\/form>\n\t\t\t<div class=\"prev-next prev-next-1\" style=\"width: 100%; color: #0a0a0a; font-size: 100%; background: none\">\n\t\t\t\t<div>\n\t\t\t\t\t\n\t\t\t\t\t<span class=\"inactive page-prev \"><i class=\"formcraft-icon\">keyboard_arrow_left<\/i>Previous<\/span><\/div>\n\t\t\t\t<div>\n\t\t\t\t\t\n\t\t\t\t\t<span class=\"page-next \">Next<i class=\"formcraft-icon\">keyboard_arrow_right<\/i><\/span><\/div>\n\t\t\t<\/div>\n\t\t<\/div><\/div>\n<\/div>\n<\/div><\/div>\n<\/div><\/div>\n","protected":false},"excerpt":{"rendered":"<p>Die virtuelle Infrastruktur bietet einen anderen Blickwinkel auf die derzeit genutzten Computersysteme. Mit einer virtuellen Infrastruktur stehen Ihnen bei gleicher Hardware-Plattform ein Vielfaches an Rechenressourcen zur Verf\u00fcgung. Diese Ressourcen erm\u00f6glichen Ihnen eine optimale und effiziente Verwaltung Ihrer Infrastruktur auf unternehmensweiter Basis. Was ist eine virtuelle Infrastruktur? Die Architektur der virtuellen Infrastruktur erm\u00f6glicht es dem Unternehmen, &hellip;<\/p>\n","protected":false},"author":34,"featured_media":0,"parent":0,"menu_order":0,"comment_status":"closed","ping_status":"closed","template":"","meta":{"_uag_custom_page_level_css":"","footnotes":""},"uagb_featured_image_src":{"full":false,"thumbnail":false,"medium":false,"medium_large":false,"large":false,"1536x1536":false,"2048x2048":false,"woocommerce_thumbnail":false,"woocommerce_single":false,"woocommerce_gallery_thumbnail":false},"uagb_author_info":{"display_name":"Mateusz Knopczy\u0144ski","author_link":"#"},"uagb_comment_info":0,"uagb_excerpt":"Die virtuelle Infrastruktur bietet einen anderen Blickwinkel auf die derzeit genutzten Computersysteme. Mit einer virtuellen Infrastruktur stehen Ihnen bei gleicher Hardware-Plattform ein Vielfaches an Rechenressourcen zur Verf\u00fcgung. Diese Ressourcen erm\u00f6glichen Ihnen eine optimale und effiziente Verwaltung Ihrer Infrastruktur auf unternehmensweiter Basis. Was ist eine virtuelle Infrastruktur? Die Architektur der virtuellen Infrastruktur erm\u00f6glicht es dem Unternehmen,&hellip;","_links":{"self":[{"href":"https:\/\/flowbergit.pl\/de\/wp-json\/wp\/v2\/pages\/8995"}],"collection":[{"href":"https:\/\/flowbergit.pl\/de\/wp-json\/wp\/v2\/pages"}],"about":[{"href":"https:\/\/flowbergit.pl\/de\/wp-json\/wp\/v2\/types\/page"}],"author":[{"embeddable":true,"href":"https:\/\/flowbergit.pl\/de\/wp-json\/wp\/v2\/users\/34"}],"replies":[{"embeddable":true,"href":"https:\/\/flowbergit.pl\/de\/wp-json\/wp\/v2\/comments?post=8995"}],"version-history":[{"count":3,"href":"https:\/\/flowbergit.pl\/de\/wp-json\/wp\/v2\/pages\/8995\/revisions"}],"predecessor-version":[{"id":9261,"href":"https:\/\/flowbergit.pl\/de\/wp-json\/wp\/v2\/pages\/8995\/revisions\/9261"}],"wp:attachment":[{"href":"https:\/\/flowbergit.pl\/de\/wp-json\/wp\/v2\/media?parent=8995"}],"curies":[{"name":"wp","href":"https:\/\/api.w.org\/{rel}","templated":true}]}}