{"id":9110,"date":"2023-10-18T16:32:52","date_gmt":"2023-10-18T14:32:52","guid":{"rendered":"https:\/\/flowbergit.pl\/unternehmen\/"},"modified":"2024-04-05T14:48:29","modified_gmt":"2024-04-05T12:48:29","slug":"unternehmen","status":"publish","type":"page","link":"https:\/\/flowbergit.pl\/de\/unternehmen\/","title":{"rendered":"Unternehmen"},"content":{"rendered":"\n<div class=\"wp-block-uagb-container uagb-block-c1f824fb alignfull uagb-is-root-container\"><div class=\"uagb-container-inner-blocks-wrap\">\n<div class=\"wp-block-uagb-container uagb-block-9a1be534 alignwide uagb-is-root-container\">\n<div class=\"wp-block-uagb-container uagb-block-823e275e\">\n<div class=\"wp-block-uagb-info-box uagb-block-c6e9366c uagb-infobox__content-wrap  uagb-infobox-icon-above-title uagb-infobox-image-valign-top\"><div class=\"uagb-ifb-content\"><div class=\"uagb-ifb-title-wrap\"><\/div><p class=\"uagb-ifb-desc\">Schutz digitaler Daten<br>durch die Kombination von Wissen<br>und Erfahrung in Schl\u00fcsselbereichen<\/p><\/div><\/div>\n<\/div>\n\n\n\n<div class=\"wp-block-uagb-container uagb-block-ac5737fc\"><\/div>\n<\/div>\n<\/div><\/div>\n\n\n\n<div class=\"container\">\n  <div class=\"row\">\n    <div class=\"col-md-12\">\n      <a href=\"#\" style=\"display: block; width: 100%; text-align: right; position: absolute; z-index: 5; margin-top: -60px;\"><img loading=\"lazy\" decoding=\"async\" src=\"\/wp-content\/uploads\/2023\/09\/home-arrow-down.svg\" width=\"119\" height=\"119\"\/><\/a>\n    <\/div>\n  <\/div>\n<\/div>\n\n\n\n<div class=\"wp-block-uagb-container uag-hide-desktop uag-hide-tab uag-hide-mob uagb-block-f03abb50 alignfull uagb-is-root-container\"><div class=\"uagb-container-inner-blocks-wrap\">\n\t\t<style>\n\t\t\t#wpls-logo-showcase-slider-1 .wpls-fix-box,\n\t\t\t#wpls-logo-showcase-slider-1 .wpls-fix-box img.wp-post-image{max-height:100px; }\n\t\t<\/style>\n\n\t\t<div class=\"wpls-wrap wpls-logo-showcase-slider-wrp wpls-logo-clearfix wpls-design-1 \" data-conf=\"{&quot;slides_column&quot;:7,&quot;slides_scroll&quot;:1,&quot;dots&quot;:&quot;false&quot;,&quot;arrows&quot;:&quot;false&quot;,&quot;autoplay&quot;:&quot;true&quot;,&quot;autoplay_interval&quot;:3000,&quot;loop&quot;:&quot;true&quot;,&quot;rtl&quot;:&quot;false&quot;,&quot;speed&quot;:600,&quot;center_mode&quot;:&quot;false&quot;,&quot;lazyload&quot;:&quot;&quot;}\">\n\t\t\t<div class=\"wpls-logo-showcase logo_showcase wpls-logo-slider  sliderimage_hide_border wpls-dots-false\" id=\"wpls-logo-showcase-slider-1\" >\n\t\t\t\t<div class=\"wpls-logo-cnt\">\n\t<div class=\"wpls-fix-box\">\n\t\t\t\t<img decoding=\"async\" class=\"wp-post-image\"  src=\"https:\/\/flowbergit.pl\/wp-content\/uploads\/2024\/01\/IBM-Logo-Design-1972-present.png\" alt=\"\" \/>\n\t\t\t<\/div>\n\t<\/div><div class=\"wpls-logo-cnt\">\n\t<div class=\"wpls-fix-box\">\n\t\t\t\t<img decoding=\"async\" class=\"wp-post-image\"  src=\"https:\/\/flowbergit.pl\/wp-content\/uploads\/2024\/01\/check-point.png\" alt=\"\" \/>\n\t\t\t<\/div>\n\t<\/div><div class=\"wpls-logo-cnt\">\n\t<div class=\"wpls-fix-box\">\n\t\t\t\t<img decoding=\"async\" class=\"wp-post-image\"  src=\"https:\/\/flowbergit.pl\/wp-content\/uploads\/2024\/01\/logpoint.png\" alt=\"\" \/>\n\t\t\t<\/div>\n\t<\/div><div class=\"wpls-logo-cnt\">\n\t<div class=\"wpls-fix-box\">\n\t\t\t\t<img decoding=\"async\" class=\"wp-post-image\"  src=\"https:\/\/flowbergit.pl\/wp-content\/uploads\/2024\/01\/impreva-logo.png\" alt=\"\" \/>\n\t\t\t<\/div>\n\t<\/div><div class=\"wpls-logo-cnt\">\n\t<div class=\"wpls-fix-box\">\n\t\t\t\t<img decoding=\"async\" class=\"wp-post-image\"  src=\"https:\/\/flowbergit.pl\/wp-content\/uploads\/2024\/01\/PaloAltoNetworks_2020_Logo.svg.png\" alt=\"\" \/>\n\t\t\t<\/div>\n\t<\/div><div class=\"wpls-logo-cnt\">\n\t<div class=\"wpls-fix-box\">\n\t\t\t\t<img decoding=\"async\" class=\"wp-post-image\"  src=\"https:\/\/flowbergit.pl\/wp-content\/uploads\/2024\/01\/Cisco-logo-grey.png\" alt=\"\" \/>\n\t\t\t<\/div>\n\t<\/div><div class=\"wpls-logo-cnt\">\n\t<div class=\"wpls-fix-box\">\n\t\t\t\t<img decoding=\"async\" class=\"wp-post-image\"  src=\"https:\/\/flowbergit.pl\/wp-content\/uploads\/2023\/09\/partner-logo-akamai.png\" alt=\"\" \/>\n\t\t\t<\/div>\n\t<\/div><div class=\"wpls-logo-cnt\">\n\t<div class=\"wpls-fix-box\">\n\t\t\t\t<img decoding=\"async\" class=\"wp-post-image\"  src=\"https:\/\/flowbergit.pl\/wp-content\/uploads\/2023\/09\/partner-logo-dell.png\" alt=\"\" \/>\n\t\t\t<\/div>\n\t<\/div><div class=\"wpls-logo-cnt\">\n\t<div class=\"wpls-fix-box\">\n\t\t\t\t<img decoding=\"async\" class=\"wp-post-image\"  src=\"https:\/\/flowbergit.pl\/wp-content\/uploads\/2023\/09\/partner-logo-fusion.png\" alt=\"\" \/>\n\t\t\t<\/div>\n\t<\/div><div class=\"wpls-logo-cnt\">\n\t<div class=\"wpls-fix-box\">\n\t\t\t\t<img decoding=\"async\" class=\"wp-post-image\"  src=\"https:\/\/flowbergit.pl\/wp-content\/uploads\/2023\/09\/partner-logo-watchguard.png\" alt=\"\" \/>\n\t\t\t<\/div>\n\t<\/div><div class=\"wpls-logo-cnt\">\n\t<div class=\"wpls-fix-box\">\n\t\t\t\t<img decoding=\"async\" class=\"wp-post-image\"  src=\"https:\/\/flowbergit.pl\/wp-content\/uploads\/2023\/09\/partner-logo-veeam.png\" alt=\"\" \/>\n\t\t\t<\/div>\n\t<\/div><div class=\"wpls-logo-cnt\">\n\t<div class=\"wpls-fix-box\">\n\t\t\t\t<img decoding=\"async\" class=\"wp-post-image\"  src=\"https:\/\/flowbergit.pl\/wp-content\/uploads\/2023\/09\/partner-logo-hpe.png\" alt=\"\" \/>\n\t\t\t<\/div>\n\t<\/div><div class=\"wpls-logo-cnt\">\n\t<div class=\"wpls-fix-box\">\n\t\t\t\t<img decoding=\"async\" class=\"wp-post-image\"  src=\"https:\/\/flowbergit.pl\/wp-content\/uploads\/2023\/09\/partner-logo-vmware.png\" alt=\"\" \/>\n\t\t\t<\/div>\n\t<\/div><div class=\"wpls-logo-cnt\">\n\t<div class=\"wpls-fix-box\">\n\t\t\t\t<img decoding=\"async\" class=\"wp-post-image\"  src=\"https:\/\/flowbergit.pl\/wp-content\/uploads\/2023\/09\/partner-logo-huawei.png\" alt=\"\" \/>\n\t\t\t<\/div>\n\t<\/div>\t\t\t<\/div>\n\t\t<\/div>\n\n\t\t<\/div><\/div>\n\n\n\n<div class=\"wp-block-uagb-container uagb-block-72c1eabd alignfull uagb-is-root-container\"><div class=\"uagb-container-inner-blocks-wrap\">\n<div class=\"wp-block-uagb-advanced-heading uagb-block-1dc33649\"><h3 class=\"uagb-heading-text\">Flowberg IT ist in Wroc\u0142aw t\u00e4tig und bietet seine Dienste in einem zertifizierten Rechenzentrum mit einer Gesamtfl\u00e4che von 5.000 m\u00b2 an.<\/h3><\/div>\n\n\n\n<p><\/p>\n\n\n\n<div class=\"wp-block-uagb-advanced-heading uagb-block-37bc69ea\"><h4 class=\"uagb-heading-text\">Wir entwickeln unsere technische Infrastruktur dynamisch weiter, und die Qualit\u00e4t unserer Dienstleistungen wird von renommierten Ausr\u00fcstungslieferanten und den verwendeten Technologien garantiert.<\/h4><\/div>\n<\/div><\/div>\n\n\n\n<div class=\"wp-block-uagb-container uagb-block-2ae8ef76 alignfull uagb-is-root-container\"><div class=\"uagb-container-inner-blocks-wrap\">\n<div class=\"wp-block-uagb-separator uagb-block-96ec6400\"><div class=\"wp-block-uagb-separator__inner\" style=\"--my-background-image:\"><\/div><\/div>\n<\/div><\/div>\n\n\n\n<div class=\"wp-block-uagb-container uagb-block-2bc99aba alignfull uagb-is-root-container\"><div class=\"uagb-container-inner-blocks-wrap\">\n<div class=\"wp-block-uagb-container uagb-block-8cf6e7e5\">\n<div class=\"wp-block-uagb-info-box uagb-block-d0c3139e uagb-infobox__content-wrap  uagb-infobox-icon-above-title uagb-infobox-image-valign-top\"><div class=\"uagb-ifb-content\"><div class=\"uagb-ifb-title-wrap\"><\/div><p class=\"uagb-ifb-desc\">Wir versammeln ein Team von Experten mit einem reichen Erfahrungsschatz um uns. Dank fortschrittlicher technologischer Einrichtungen und Kenntnisse k\u00f6nnen wir IT-Dienstleistungen von h\u00f6chster Qualit\u00e4t anbieten. <br><br>Wir verbinden erfolgreich traditionelle Integration mit moderner Infrastruktur und Dienstleistungen auf h\u00f6chstem Niveau.<\/p><\/div><\/div>\n<\/div>\n\n\n\n<div class=\"wp-block-uagb-container uagb-block-cc743c40\">\n<div class=\"wp-block-uagb-info-box uagb-block-77d39b56 uagb-infobox__content-wrap  uagb-infobox-icon-above-title uagb-infobox-image-valign-top\"><div class=\"uagb-ifb-content\"><div class=\"uagb-ifb-title-wrap\"><\/div><p class=\"uagb-ifb-desc\">Unser Gesch\u00e4ft ist umfassend, denn wir wollen nicht nur hochwertige IT-Beratung bieten, sondern auch die besten Technologiel\u00f6sungen liefern und implementieren.<\/p><\/div><\/div>\n<\/div>\n<\/div><\/div>\n\n\n\n<div class=\"wp-block-uagb-container uagb-block-fbcd1379 alignfull uagb-is-root-container\"><div class=\"uagb-container-inner-blocks-wrap\">\n<div class=\"wp-block-uagb-container uagb-block-02055294\">\n<div class=\"wp-block-uagb-advanced-heading uagb-block-f793f15b\"><h3 class=\"uagb-heading-text\">Wir haben einen doppelten Status <strong><em>GOLD <\/em><\/strong>in den Programmen Veeam Value Added Reseller und Veeam Cloud &amp; Service Provider. Im Bereich der Cloud-L\u00f6sungen kombinieren wir die Funktionen des <em>Veeam Service Providers und des Integrators<\/em> und liefern unsere Services im Abonnementmodell mit der Option, sie zum Zeitpunkt der Wahl des Kunden zu k\u00fcndigen. <\/h3><\/div>\n<\/div>\n<\/div><\/div>\n\n\n\n<div class=\"wp-block-uagb-container uagb-block-22e6cba4 alignfull uagb-is-root-container\"><div class=\"uagb-container-inner-blocks-wrap\">\n<div class=\"wp-block-uagb-advanced-heading uagb-block-064f9dfb\"><h4 class=\"uagb-heading-text\">Wir sind Partner von renommierten Technologieunternehmen, vielfach ausgezeichnet und erf\u00fcllen strenge Standards. ISO-Zertifizierungen gew\u00e4hrleisten, dass wir prozessorientiert arbeiten und die uns anvertrauten Daten und Systeme sicher sind. <\/h4><\/div>\n<\/div><\/div>\n\n\n\n<div class=\"wp-block-uagb-container uagb-block-0be2fa58 alignfull uagb-is-root-container\"><div class=\"uagb-container-inner-blocks-wrap\">\n<div class=\"wp-block-uagb-container uagb-block-e0468bab\">\n<div class=\"wp-block-uagb-advanced-heading uagb-block-8f643cb6\"><p class=\"uagb-heading-text\">ISO\/IEC 27018 : 2019<\/p><\/div>\n<\/div>\n\n\n\n<div class=\"wp-block-uagb-container uagb-block-f331deb8\">\n<div class=\"wp-block-uagb-advanced-heading uagb-block-b1abb492\"><p class=\"uagb-heading-text\">ISO 22301 :2019<\/p><\/div>\n<\/div>\n\n\n\n<div class=\"wp-block-uagb-container uagb-block-df31710d\">\n<div class=\"wp-block-uagb-advanced-heading uagb-block-bf505527\"><p class=\"uagb-heading-text\">EN 50600-1:2019<\/p><\/div>\n<\/div>\n\n\n\n<div class=\"wp-block-uagb-container uagb-block-70741908\">\n<div class=\"wp-block-uagb-advanced-heading uagb-block-7f5cca4e\"><p class=\"uagb-heading-text\">ISO\/IEC 27017 : 2015<\/p><\/div>\n<\/div>\n\n\n\n<div class=\"wp-block-uagb-container uagb-block-03b039e1\">\n<div class=\"wp-block-uagb-advanced-heading uagb-block-917a34b2\"><p class=\"uagb-heading-text\">PN-EN ISO\/IEC 27001\u200b<\/p><\/div>\n<\/div>\n<\/div><\/div>\n\n\n\n<div class=\"wp-block-uagb-container uagb-block-d750abae alignfull uagb-is-root-container\"><div class=\"uagb-container-inner-blocks-wrap\">\n<div class=\"wp-block-uagb-container uagb-block-1a1dba39 alignfull uagb-is-root-container\"><div class=\"uagb-container-inner-blocks-wrap\">\n<div class=\"wp-block-uagb-container uagb-block-e68ebf74\">\n<div class=\"wp-block-uagb-advanced-heading uagb-block-38321fbe\"><p class=\"uagb-heading-text\">Technologiepartner<\/p><\/div>\n\n\n\n<div class=\"wp-block-uagb-advanced-heading uagb-block-b2d4e2ff\"><h3 class=\"uagb-heading-text\">Viele L\u00f6sungen, ein Ort<\/h3><\/div>\n\n\n\n<div class=\"wp-block-uagb-info-box uagb-block-65ee71d1 uagb-infobox__content-wrap  uagb-infobox-icon-above-title uagb-infobox-image-valign-top\"><div class=\"uagb-ifb-content\"><div class=\"uagb-ifb-title-wrap\"><\/div><p class=\"uagb-ifb-desc\">Wir bieten End-to-End-L\u00f6sungen auf mehreren Ebenen, um die Datensicherheit zu gew\u00e4hrleisten. Unsere Dienstleistungen reichen von IT-Infrastruktur, Sicherheitsmanagement, OSINT und Anwendungs\u00fcberwachung.  <br><br><strong>Wir entwickeln wertvolle Technologie- und Gesch\u00e4ftspartnerschaften mit dem Schwerpunkt auf der Bereitstellung von IT-L\u00f6sungen, die das Wachstum und die betriebliche Effizienz von Unternehmen unterst\u00fctzen.<\/strong><\/p><\/div><\/div>\n<\/div>\n\n\n\n<div class=\"wp-block-uagb-container uagb-block-b8f01a90\">\n<div class=\"wp-block-uagb-image uagb-block-a4809718 wp-block-uagb-image--layout-default wp-block-uagb-image--effect-static wp-block-uagb-image--align-none\"><figure class=\"wp-block-uagb-image__figure\"><a class=\"\" href=\"https:\/\/flowbergit.pl\/wp-content\/uploads\/2024\/03\/Centrum-danych-data-center-Wroclaw-2.jpg\" target=\"\" rel=\"noopener\"><img decoding=\"async\" srcset=\"https:\/\/flowbergit.pl\/wp-content\/uploads\/2024\/03\/Centrum-danych-data-center-Wroclaw-2.jpg ,https:\/\/flowbergit.pl\/wp-content\/uploads\/2024\/03\/Centrum-danych-data-center-Wroclaw-2.jpg 780w, https:\/\/flowbergit.pl\/wp-content\/uploads\/2024\/03\/Centrum-danych-data-center-Wroclaw-2.jpg 360w\" sizes=\"(max-width: 480px) 150px\" src=\"https:\/\/flowbergit.pl\/wp-content\/uploads\/2024\/03\/Centrum-danych-data-center-Wroclaw-2.jpg\" alt=\"\" class=\"uag-image-8660\" width=\"716\" height=\"574\" title=\"Centrum-danych-data-center-Wroclaw-2\" loading=\"lazy\"\/><\/a><\/figure><\/div>\n<\/div>\n<\/div><\/div>\n\n\n\n<div class=\"wp-block-uagb-container uagb-block-924c4447 alignfull uagb-is-root-container\"><div class=\"uagb-container-inner-blocks-wrap\">\n<div class=\"wp-block-uagb-container uagb-block-0c74bead\">\n<div class=\"wp-block-uagb-image uagb-block-b752273b wp-block-uagb-image--layout-default wp-block-uagb-image--effect-static wp-block-uagb-image--align-none\"><figure class=\"wp-block-uagb-image__figure\"><a class=\"\" href=\"https:\/\/flowbergit.pl\/wp-content\/uploads\/2024\/03\/partnerstwa-technologiczne-1_2.png\" target=\"\" rel=\"noopener\"><img decoding=\"async\" srcset=\"https:\/\/flowbergit.pl\/wp-content\/uploads\/2024\/03\/partnerstwa-technologiczne-1_2.png ,https:\/\/flowbergit.pl\/wp-content\/uploads\/2024\/03\/partnerstwa-technologiczne-1_2.png 780w, https:\/\/flowbergit.pl\/wp-content\/uploads\/2024\/03\/partnerstwa-technologiczne-1_2.png 360w\" sizes=\"(max-width: 480px) 150px\" src=\"https:\/\/flowbergit.pl\/wp-content\/uploads\/2024\/03\/partnerstwa-technologiczne-1_2.png\" alt=\"\" class=\"uag-image-8687\" width=\"620\" height=\"400\" title=\"partnerstwa-technologiczne-1_2\" loading=\"lazy\"\/><\/a><\/figure><\/div>\n<\/div>\n\n\n\n<div class=\"wp-block-uagb-container uagb-block-5a73896a\">\n<div class=\"wp-block-uagb-image uagb-block-ace219fd wp-block-uagb-image--layout-default wp-block-uagb-image--effect-static wp-block-uagb-image--align-none\"><figure class=\"wp-block-uagb-image__figure\"><a class=\"\" href=\"https:\/\/flowbergit.pl\/wp-content\/uploads\/2024\/03\/partnerstwa-technologiczne-2_2M.png\" target=\"\" rel=\"noopener\"><img decoding=\"async\" srcset=\"https:\/\/flowbergit.pl\/wp-content\/uploads\/2024\/03\/partnerstwa-technologiczne-2_2M.png ,https:\/\/flowbergit.pl\/wp-content\/uploads\/2024\/03\/partnerstwa-technologiczne-2_2M.png 780w, https:\/\/flowbergit.pl\/wp-content\/uploads\/2024\/03\/partnerstwa-technologiczne-2_2M.png 360w\" sizes=\"(max-width: 480px) 150px\" src=\"https:\/\/flowbergit.pl\/wp-content\/uploads\/2024\/03\/partnerstwa-technologiczne-2_2M.png\" alt=\"\" class=\"uag-image-8695\" width=\"620\" height=\"400\" title=\"partnerstwa-technologiczne-2_2M\" loading=\"lazy\"\/><\/a><\/figure><\/div>\n<\/div>\n<\/div><\/div>\n<\/div><\/div>\n\n\n\n<pre class=\"wp-block-code\"><code><\/code><\/pre>\n","protected":false},"excerpt":{"rendered":"<p>Flowberg IT ist in Wroc\u0142aw t\u00e4tig und bietet seine Dienste in einem zertifizierten Rechenzentrum mit einer Gesamtfl\u00e4che von 5.000 m\u00b2 an. Wir entwickeln unsere technische Infrastruktur dynamisch weiter, und die Qualit\u00e4t unserer Dienstleistungen wird von renommierten Ausr\u00fcstungslieferanten und den verwendeten Technologien garantiert. Wir haben einen doppelten Status GOLD in den Programmen Veeam Value Added Reseller &hellip;<\/p>\n","protected":false},"author":34,"featured_media":0,"parent":0,"menu_order":0,"comment_status":"closed","ping_status":"closed","template":"","meta":{"_uag_custom_page_level_css":"","footnotes":""},"uagb_featured_image_src":{"full":false,"thumbnail":false,"medium":false,"medium_large":false,"large":false,"1536x1536":false,"2048x2048":false,"woocommerce_thumbnail":false,"woocommerce_single":false,"woocommerce_gallery_thumbnail":false},"uagb_author_info":{"display_name":"Mateusz Knopczy\u0144ski","author_link":"#"},"uagb_comment_info":0,"uagb_excerpt":"Flowberg IT ist in Wroc\u0142aw t\u00e4tig und bietet seine Dienste in einem zertifizierten Rechenzentrum mit einer Gesamtfl\u00e4che von 5.000 m\u00b2 an. Wir entwickeln unsere technische Infrastruktur dynamisch weiter, und die Qualit\u00e4t unserer Dienstleistungen wird von renommierten Ausr\u00fcstungslieferanten und den verwendeten Technologien garantiert. Wir haben einen doppelten Status GOLD in den Programmen Veeam Value Added Reseller&hellip;","_links":{"self":[{"href":"https:\/\/flowbergit.pl\/de\/wp-json\/wp\/v2\/pages\/9110"}],"collection":[{"href":"https:\/\/flowbergit.pl\/de\/wp-json\/wp\/v2\/pages"}],"about":[{"href":"https:\/\/flowbergit.pl\/de\/wp-json\/wp\/v2\/types\/page"}],"author":[{"embeddable":true,"href":"https:\/\/flowbergit.pl\/de\/wp-json\/wp\/v2\/users\/34"}],"replies":[{"embeddable":true,"href":"https:\/\/flowbergit.pl\/de\/wp-json\/wp\/v2\/comments?post=9110"}],"version-history":[{"count":2,"href":"https:\/\/flowbergit.pl\/de\/wp-json\/wp\/v2\/pages\/9110\/revisions"}],"predecessor-version":[{"id":9113,"href":"https:\/\/flowbergit.pl\/de\/wp-json\/wp\/v2\/pages\/9110\/revisions\/9113"}],"wp:attachment":[{"href":"https:\/\/flowbergit.pl\/de\/wp-json\/wp\/v2\/media?parent=9110"}],"curies":[{"name":"wp","href":"https:\/\/api.w.org\/{rel}","templated":true}]}}