{"id":8254,"date":"2023-11-17T15:58:33","date_gmt":"2023-11-17T14:58:33","guid":{"rendered":"https:\/\/flowbergit.pl\/konferencje\/"},"modified":"2024-03-29T11:02:47","modified_gmt":"2024-03-29T10:02:47","slug":"conference","status":"publish","type":"page","link":"https:\/\/flowbergit.pl\/en\/conference\/","title":{"rendered":"Conference"},"content":{"rendered":"\n<div class=\"wp-block-uagb-container uagb-block-c1f824fb alignfull uagb-is-root-container\"><div class=\"uagb-container-inner-blocks-wrap\">\n<div class=\"wp-block-uagb-container uagb-block-9a1be534 alignwide uagb-is-root-container\">\n<div class=\"wp-block-uagb-container uagb-block-823e275e\">\n<div style=\"height:58px\" aria-hidden=\"true\" class=\"wp-block-spacer uag-hide-desktop uag-hide-tab\"><\/div>\n\n\n\n<div class=\"wp-block-uagb-info-box uagb-block-c6e9366c uagb-infobox__content-wrap  uagb-infobox-icon-above-title uagb-infobox-image-valign-top\"><div class=\"uagb-ifb-content\"><div class=\"uagb-ifb-title-wrap\"><\/div><p class=\"uagb-ifb-desc\">KnowHealth specialist conference series<br><span style=\"color: #91D922;\">KnowHealth<\/span><\/p><\/div><\/div>\n<\/div>\n<\/div>\n<\/div><\/div>\n\n\n\n<div class=\"wp-block-uagb-image aligncenter uagb-block-fcfab34c wp-block-uagb-image--layout-default wp-block-uagb-image--effect-static wp-block-uagb-image--align-center\"><figure class=\"wp-block-uagb-image__figure\"><img decoding=\"async\" srcset=\"https:\/\/flowbergit.pl\/wp-content\/uploads\/2024\/01\/header_konferencje_2560.jpg ,https:\/\/flowbergit.pl\/wp-content\/uploads\/2024\/01\/header_konferencje_2560.jpg 780w, https:\/\/flowbergit.pl\/wp-content\/uploads\/2024\/01\/header_konferencje_2560.jpg 360w\" sizes=\"(max-width: 480px) 150px\" src=\"https:\/\/flowbergit.pl\/wp-content\/uploads\/2024\/01\/header_konferencje_2560.jpg\" alt=\"\" class=\"uag-image-4931\" width=\"2560\" height=\"382\" title=\"\" loading=\"lazy\"\/><\/figure><\/div>\n\n\n\n<div class=\"wp-block-uagb-container uagb-block-b1b65be8 alignfull uagb-is-root-container\"><div class=\"uagb-container-inner-blocks-wrap\">\n<div class=\"wp-block-uagb-advanced-heading uagb-block-fe2e32d4\"><h3 class=\"uagb-heading-text\">For many years, we have been educating the health sector in the area of cybersecurity.<\/h3><\/div>\n\n\n\n<div class=\"wp-block-uagb-advanced-heading uagb-block-cd1cf785\"><p class=\"uagb-heading-text\">This is achieved through the KnowHealth conference series, which responds to problems and challenges in the field of business continuity and cyber resilience of hospitals, clinics, medical and educational entities.<\/p><\/div>\n<\/div><\/div>\n\n\n\n<div class=\"wp-block-uagb-container uagb-block-b8c5cf99 alignfull uagb-is-root-container\"><div class=\"uagb-container-inner-blocks-wrap\">\n<div class=\"wp-block-uagb-separator uagb-block-503c028a\"><div class=\"wp-block-uagb-separator__inner\" style=\"--my-background-image:\"><\/div><\/div>\n<\/div><\/div>\n\n\n\n<div class=\"wp-block-uagb-container uagb-block-e83f6c55 alignfull uagb-is-root-container\"><div class=\"uagb-container-inner-blocks-wrap\">\n<div class=\"wp-block-uagb-container uagb-block-cc5ab32c\">\n<div class=\"wp-block-uagb-advanced-heading uagb-block-deaf73fc\"><p class=\"uagb-heading-text\">In terms of business continuity and cyber resistance of hospitals, clinics, medical and educational entities. The events are organized by Flowberg IT in cooperation with technological partners, but also with local government authorities, entrepreneurs and scientists from the medical industry. <\/p><\/div>\n<\/div>\n\n\n\n<div class=\"wp-block-uagb-container uagb-block-16864d2d\">\n<div class=\"wp-block-uagb-advanced-heading uagb-block-4d701d97\"><p class=\"uagb-heading-text\">During presentations and shows, we present the best practices in the field of data protection and building the resilience of organizations, technologies and solutions in the field of cybersecurity. Conferences are also a great opportunity to exchange experiences and knowledge between specialists from various fields who work in the health sector.<\/p><\/div>\n<\/div>\n<\/div><\/div>\n\n\n\n<div class=\"wp-block-uagb-container uagb-block-457d7a2b alignfull uagb-is-root-container\"><div class=\"uagb-container-inner-blocks-wrap\">\n<div class=\"wp-block-uagb-advanced-heading uagb-block-14b461ce\"><p class=\"uagb-heading-text\">18 maja 2023 | W\u0142adys\u0142awowo<\/p><\/div>\n\n\n\n<div class=\"wp-block-uagb-advanced-heading uagb-block-044f1e2a\"><h2 class=\"uagb-heading-text\">KnowHealth CyberSec 2023<\/h2><\/div>\n<\/div><\/div>\n\n\n\n<div class=\"wp-block-uagb-container uagb-block-7b2fe103 alignfull uagb-is-root-container\"><div class=\"uagb-container-inner-blocks-wrap\">\n<div class=\"wp-block-uagb-separator uagb-block-6d09e3bd\"><div class=\"wp-block-uagb-separator__inner\" style=\"--my-background-image:\"><\/div><\/div>\n<\/div><\/div>\n\n\n\n<div class=\"wp-block-uagb-container uagb-block-164b0b26 alignfull uagb-is-root-container\"><div class=\"uagb-container-inner-blocks-wrap\">\n<div class=\"wp-block-uagb-container uagb-block-31ba0eb5\">\n<div class=\"wp-block-uagb-info-box uagb-block-5bb8f198 uagb-infobox__content-wrap  uagb-infobox-icon-above-title uagb-infobox-image-valign-top\"><div class=\"uagb-ifb-content\"><div class=\"uagb-ifb-title-wrap\"><\/div><p class=\"uagb-ifb-desc\">On May 18th, 2023, the next edition of our conference on cybersecurity, which we organize for the health sector, took place in W\u0142adys\u0142awowo. The event was held under the honorary patronage of Janusz Cieszynski &#8211; Government Plenipotentiary for Cybersecurity, Mieczys\u0142aw Struk &#8211; Marshal of the Pomeranian Voivodeship and the Polish Public Health Association.<\/p><\/div><\/div>\n<\/div>\n\n\n\n<div class=\"wp-block-uagb-container uagb-block-8e0d1689\"><\/div>\n<\/div><\/div>\n\n\n\n<div class=\"wp-block-uagb-container uagb-block-325f8bdb alignfull uagb-is-root-container\"><div class=\"uagb-container-inner-blocks-wrap\">\n<figure class=\"wp-block-video img-fluid\"><video controls poster=\"https:\/\/flowbergit.pl\/wp-content\/uploads\/2023\/11\/flowberg-konferencja-1b.jpg\" src=\"https:\/\/flowbergit.pl\/wp-content\/uploads\/2023\/11\/Know-Health-CYBERSEC-Konferencja-Wladyslawowo-18-maja-2023.mp4\" playsinline><\/video><\/figure>\n<\/div><\/div>\n\n\n\n<div class=\"wp-block-uagb-container uagb-block-6dcbe032 alignfull uagb-is-root-container\"><div class=\"uagb-container-inner-blocks-wrap\">\n<div class=\"wp-block-uagb-separator uagb-block-28a10ebb\"><div class=\"wp-block-uagb-separator__inner\" style=\"--my-background-image:\"><\/div><\/div>\n<\/div><\/div>\n\n\n\n<div class=\"wp-block-uagb-container uagb-block-9bcb667a alignfull uagb-is-root-container\"><div class=\"uagb-container-inner-blocks-wrap\">\n<div class=\"wp-block-uagb-advanced-heading uagb-block-4962640d\"><p class=\"uagb-heading-text\">26 stycznia 2023 | Karpacz<\/p><\/div>\n\n\n\n<div class=\"wp-block-uagb-advanced-heading uagb-block-40e32e21\"><h2 class=\"uagb-heading-text\">KnowHealth TTX 23&#215;01<\/h2><\/div>\n<\/div><\/div>\n\n\n\n<div class=\"wp-block-uagb-container uagb-block-0211ff9c alignfull uagb-is-root-container\"><div class=\"uagb-container-inner-blocks-wrap\">\n<div class=\"wp-block-uagb-separator uagb-block-84e38598\"><div class=\"wp-block-uagb-separator__inner\" style=\"--my-background-image:\"><\/div><\/div>\n<\/div><\/div>\n\n\n\n<div class=\"wp-block-uagb-container uagb-block-c0bf5c47 alignfull uagb-is-root-container\"><div class=\"uagb-container-inner-blocks-wrap\">\n<div class=\"wp-block-uagb-container uagb-block-d7c8ad0b\">\n<div class=\"wp-block-uagb-info-box uagb-block-9075bfa8 uagb-infobox__content-wrap  uagb-infobox-icon-above-title uagb-infobox-image-valign-top\"><div class=\"uagb-ifb-content\"><div class=\"uagb-ifb-title-wrap\"><\/div><p class=\"uagb-ifb-desc\">On January 26, 2023, we organized a conference for the medical industry in Karpacz. The cyberattack on the hospital infrastructure carried out live with a discussion attracted the greatest interest. Over 100 participants took part in the event The honorary patron was Janusz Cieszy\u0144ski, Government Plenipotentiary for Cybersecurity.<\/p><\/div><\/div>\n<\/div>\n\n\n\n<div class=\"wp-block-uagb-container uagb-block-eb55f4ee\"><\/div>\n<\/div><\/div>\n\n\n\n<div class=\"wp-block-uagb-container uagb-block-a8d11232 alignfull uagb-is-root-container\"><div class=\"uagb-container-inner-blocks-wrap\">\n<figure class=\"wp-block-video img-fluid\"><video controls src=\"https:\/\/flowbergit.pl\/wp-content\/uploads\/2023\/11\/Konferencja-KnowHealth-TTX23x01.mp4\" playsinline><\/video><\/figure>\n<\/div><\/div>\n\n\n\n<div class=\"wp-block-uagb-container uag-hide-desktop uag-hide-tab uag-hide-mob uagb-block-44615a55 alignfull uagb-is-root-container\"><div class=\"uagb-container-inner-blocks-wrap\">\n<div class=\"wp-block-uagb-separator uagb-block-84415f33\"><div class=\"wp-block-uagb-separator__inner\" style=\"--my-background-image:\"><\/div><\/div>\n<\/div><\/div>\n\n\n\n<div class=\"wp-block-uagb-container uag-hide-desktop uag-hide-tab uag-hide-mob uagb-block-1ee63b29 alignfull uagb-is-root-container\"><div class=\"uagb-container-inner-blocks-wrap\">\n<div class=\"wp-block-uagb-advanced-heading uagb-block-f261e56f\"><p class=\"uagb-heading-text\">Co m\u00f3wi\u0105 nasi Klienci<\/p><\/div>\n\n\n\n<div class=\"wp-block-uagb-container uagb-block-65d8e533 alignfull uagb-is-root-container\"><div class=\"uagb-container-inner-blocks-wrap\">\n<div class=\"wp-block-uagb-container uagb-block-993fd5e2\">\n<div class=\"wp-block-uagb-advanced-heading uagb-block-1598f543\"><p class=\"uagb-heading-text\">Rekomendacje<\/p><\/div>\n<\/div>\n\n\n\n<div class=\"wp-block-uagb-container uagb-block-5b04775a\">\n<div class=\"wp-block-uagb-testimonial uagb-slick-carousel uagb-tm__arrow-outside uagb-block-a49114b9 uagb-post__carousel_notset uagb-post__carousel_notset-tablet uagb-post__carousel_notset-mobile\"><div class=\"is-carousel uagb-tm__columns-1 uagb-tm__items\"><div class=\"uagb-testimonial__wrap  uagb-tm__imgicon-style-circle uagb-tm__image-position-bottom uagb-tm__bg-type-none \"><div class=\"uagb-tm__content\"><div class=\"uagb-tm__overlay\"><\/div><div class=\"uagb-tm__text-wrap\"><div class=\"uagb-tm__desc\"><em>Wsp\u00f3\u0142prac\u0119 rozpocz\u0119li\u015bmy od analizy konfiguracji zada\u0144 backupu. Okaza\u0142o si\u0119, \u017ce nie wykorzystywali\u015bmy wielu bardzo u\u017cytecznych funkcji. Dlatego wr\u00f3cili\u015bmy do korzeni, czyli do etapu projektowania polityki backupu, i by\u0142o to bardzo pouczaj\u0105ce do\u015bwiadczenie. Teraz wiemy, czym s\u0105 SureBackup, GFS, Application Awareness czy Guest File System Indexing i nie wahamy si\u0119 tych funkcji u\u017cywa\u0107 ;).<\/em><\/div><div class=\"uagb-tm__meta-inner\"><div class=\"uagb-tm__image-content\"><div class=\"uagb-tm__image\"><img decoding=\"async\" class=\"uagb-tm-img-src\" src=\"https:\/\/flowbergit.pl\/wp-content\/uploads\/2023\/08\/Pawel-Krynski-150x150.jpeg\" alt=\"\" width=\"60\" height=\"60\" loading=\"lazy\"\/><\/div><\/div><div class=\"uagb-testimonial-details\"><span class=\"uagb-tm__author-name\">Bronis\u0142aw Zawada<\/span><span class=\"uagb-tm__company\">CTO<\/span><\/div><\/div><\/div><\/div><\/div><\/div><\/div>\n<\/div>\n<\/div><\/div>\n<\/div><\/div>\n","protected":false},"excerpt":{"rendered":"<p>For many years, we have been educating the health sector in the area of cybersecurity. This is achieved through the KnowHealth conference series, which responds to problems and challenges in the field of business continuity and cyber resilience of hospitals, clinics, medical and educational entities. In terms of business continuity and cyber resistance of hospitals, &hellip;<\/p>\n","protected":false},"author":34,"featured_media":0,"parent":0,"menu_order":0,"comment_status":"closed","ping_status":"closed","template":"","meta":{"_uag_custom_page_level_css":"","footnotes":""},"uagb_featured_image_src":{"full":false,"thumbnail":false,"medium":false,"medium_large":false,"large":false,"1536x1536":false,"2048x2048":false,"woocommerce_thumbnail":false,"woocommerce_single":false,"woocommerce_gallery_thumbnail":false},"uagb_author_info":{"display_name":"Mateusz Knopczy\u0144ski","author_link":"#"},"uagb_comment_info":0,"uagb_excerpt":"For many years, we have been educating the health sector in the area of cybersecurity. This is achieved through the KnowHealth conference series, which responds to problems and challenges in the field of business continuity and cyber resilience of hospitals, clinics, medical and educational entities. In terms of business continuity and cyber resistance of hospitals,&hellip;","_links":{"self":[{"href":"https:\/\/flowbergit.pl\/en\/wp-json\/wp\/v2\/pages\/8254"}],"collection":[{"href":"https:\/\/flowbergit.pl\/en\/wp-json\/wp\/v2\/pages"}],"about":[{"href":"https:\/\/flowbergit.pl\/en\/wp-json\/wp\/v2\/types\/page"}],"author":[{"embeddable":true,"href":"https:\/\/flowbergit.pl\/en\/wp-json\/wp\/v2\/users\/34"}],"replies":[{"embeddable":true,"href":"https:\/\/flowbergit.pl\/en\/wp-json\/wp\/v2\/comments?post=8254"}],"version-history":[{"count":9,"href":"https:\/\/flowbergit.pl\/en\/wp-json\/wp\/v2\/pages\/8254\/revisions"}],"predecessor-version":[{"id":8894,"href":"https:\/\/flowbergit.pl\/en\/wp-json\/wp\/v2\/pages\/8254\/revisions\/8894"}],"wp:attachment":[{"href":"https:\/\/flowbergit.pl\/en\/wp-json\/wp\/v2\/media?parent=8254"}],"curies":[{"name":"wp","href":"https:\/\/api.w.org\/{rel}","templated":true}]}}