{"id":8413,"date":"2024-02-09T10:11:31","date_gmt":"2024-02-09T09:11:31","guid":{"rendered":"https:\/\/flowbergit.pl\/proxmox-backup\/"},"modified":"2024-03-29T11:23:52","modified_gmt":"2024-03-29T10:23:52","slug":"flowback-backup","status":"publish","type":"page","link":"https:\/\/flowbergit.pl\/en\/flowback-backup\/","title":{"rendered":"Flowback"},"content":{"rendered":"\n<div class=\"wp-block-uagb-container uagb-block-45d0bacf alignfull uagb-is-root-container\"><div class=\"uagb-container-inner-blocks-wrap\">\n<div class=\"wp-block-uagb-container uagb-block-11e3a8c9\">\n<div class=\"wp-block-uagb-advanced-heading uagb-block-a7c45b53\"><h3 class=\"uagb-heading-text\">FlowBack i FlowBack&amp;Tape<\/h3><\/div>\n\n\n\n<div class=\"wp-block-uagb-advanced-heading uagb-block-ca9d7f23\"><p class=\"uagb-heading-text\">This is a service for creating backups and restoring data in environments based on Proxmox Virtual Environment (Proxmox VE). With this solution, you can easily manage backups of <strong>virtual machines and containers.<\/strong><\/p><\/div>\n<\/div>\n\n\n\n<div class=\"wp-block-uagb-container uagb-block-1715c0c0\">\n<div class=\"wp-block-uagb-advanced-heading uagb-block-8b180c3f\"><p class=\"uagb-heading-text\">Our service, based on the advanced Proxmox platform, enables easy management of backup and data recovery. One of the key features of FlowBack and FlowBack&amp;Tape is the ability <strong>to encrypt data<\/strong> using the AES 256 standard. This solution effectively protects your information from unauthorized access. All data is stored in Poland in our Data Center, which may be important in terms of complying with privacy and data protection regulations.<\/p><\/div>\n<\/div>\n<\/div><\/div>\n\n\n\n<div class=\"wp-block-uagb-container uagb-block-5913a565 alignfull uagb-is-root-container\"><div class=\"uagb-container-inner-blocks-wrap\">\n<div class=\"wp-block-uagb-container uagb-block-905cc013 alignfull uagb-is-root-container\"><div class=\"uagb-container-inner-blocks-wrap\">\n<video autoplay=\"\" playsinline=\"\" muted=\"\" class=\"video-background\" style=\"opacity: 0.95;\">\n  <source src=\"\/wp-content\/uploads\/2024\/02\/flowbergit-video-proxmox.mp4\" type=\"video\/mp4\">\n<\/source><\/video>\n\n<script>\n\/\/ Pobierz wszystkie elementy o klasie \"video-background\"\nvar videoBackgrounds = document.querySelectorAll('.video-background');\n\n\/\/ Iteruj przez wszystkie znalezione elementy o klasie \"video-background\"\nvideoBackgrounds.forEach(function(videoBackground) {\n    \/\/ Dodaj nas\u0142uchiwanie zdarzenia \"ended\" dla ka\u017cdego elementu o klasie \"video-background\"\n    videoBackground.addEventListener('ended', function() {\n        \/\/ Pobierz rodzica danego elementu o klasie \"video-background\" i zanotuj go\n        var parent = this.parentNode;\n        \/\/ Wykonaj efekt zanikania dla rodzica elementu o klasie \"video-background\"\n        fadeOut(parent);\n    });\n});\n\n\/\/ Funkcja realizuj\u0105ca efekt zanikania elementu\nfunction fadeOut(element) {\n    \/\/ Ustaw pocz\u0105tkow\u0105 warto\u015b\u0107 przezroczysto\u015bci na 1\n    var opacity = 1;\n    \/\/ Ustaw interwa\u0142, kt\u00f3ry b\u0119dzie zmniejsza\u0142 przezroczysto\u015b\u0107 co 50 milisekund\n    var interval = setInterval(function() {\n        \/\/ Je\u015bli przezroczysto\u015b\u0107 osi\u0105gn\u0119\u0142a 0.2 (czyli 80% przezroczysto\u015bci), wyczy\u015b\u0107 interwa\u0142\n        if (opacity <= 0.2) { clearInterval(interval); \/\/ Ukryj element element.style.display = 'none'; } else { \/\/ W przeciwnym razie zmniejsz warto\u015b\u0107 przezroczysto\u015bci opacity -= 0.1; \/\/ Ustaw now\u0105 warto\u015b\u0107 przezroczysto\u015bci dla elementu element.style.opacity = opacity; } }, 30); } <\/script>\n<\/div><\/div>\n<\/div><\/div>\n\n\n\n<div class=\"wp-block-uagb-container uagb-block-0b88f80f alignfull uagb-is-root-container\"><div class=\"uagb-container-inner-blocks-wrap\">\n<div class=\"wp-block-uagb-advanced-heading uagb-block-75ca3879\"><h3 class=\"uagb-heading-text\">Explore <span style=\"color: #e57000; font-weight: 700;\">FlowBack and FlowBack&amp;Tape<\/span> variants<\/h3><\/div>\n<\/div><\/div>\n\n\n\n<div class=\"wp-block-uagb-container uagb-block-278b1de9 alignfull uagb-is-root-container\"><div class=\"uagb-container-inner-blocks-wrap\">\n<div class=\"wp-block-uagb-container uagb-block-1f6788c5\">\n<div class=\"wp-block-uagb-image alignleft uagb-block-77e0b0eb wp-block-uagb-image--layout-default wp-block-uagb-image--effect-static wp-block-uagb-image--align-left\"><figure class=\"wp-block-uagb-image__figure\"><img decoding=\"async\" srcset=\"https:\/\/flowbergit.pl\/wp-content\/uploads\/2024\/03\/flowback-kopia-zapasowa-backup.svg ,https:\/\/flowbergit.pl\/wp-content\/uploads\/2024\/03\/flowback-kopia-zapasowa-backup.svg 780w, https:\/\/flowbergit.pl\/wp-content\/uploads\/2024\/03\/flowback-kopia-zapasowa-backup.svg 360w\" sizes=\"(max-width: 480px) 150px\" src=\"https:\/\/flowbergit.pl\/wp-content\/uploads\/2024\/03\/flowback-kopia-zapasowa-backup.svg\" alt=\"\" class=\"uag-image-8564\" width=\"589\" height=\"589\" title=\"flowback-kopia-zapasowa-backup\" loading=\"lazy\"\/><\/figure><\/div>\n\n\n\n<div class=\"wp-block-uagb-advanced-heading uagb-block-e40de97c\"><h3 class=\"uagb-heading-text\">FlowBack\u00a9 - Backup Server on NLSAS drives<\/h3><\/div>\n\n\n\n<div class=\"wp-block-uagb-advanced-heading uagb-block-3b0aea4d\"><p class=\"uagb-heading-text\">Cena od 9.00 PLN<\/p><\/div>\n\n\n\n<div class=\"wp-block-uagb-buttons uagb-buttons__outer-wrap uagb-btn__default-btn uagb-btn-tablet__default-btn uagb-btn-mobile__default-btn uagb-block-d005f79a\"><div class=\"uagb-buttons__wrap uagb-buttons-layout-wrap\">\n<div class=\"wp-block-uagb-buttons-child uagb-buttons__outer-wrap uagb-block-c16fbe92 wp-block-button\"><div class=\"uagb-button__wrapper\"><a class=\"uagb-buttons-repeater wp-block-button__link\" aria-label=\"\" href=\"\/product\/flowback-proxmox-backup-server-na-dyskach-nlsas\/\" rel=\"follow noopener\" target=\"_self\"><div class=\"uagb-button__link\">Order service<\/div><\/a><\/div><\/div>\n<\/div><\/div>\n<\/div>\n\n\n\n<div class=\"wp-block-uagb-container uagb-block-12fd62d8\">\n<div class=\"wp-block-uagb-image alignleft uagb-block-a8f63d6a wp-block-uagb-image--layout-default wp-block-uagb-image--effect-static wp-block-uagb-image--align-left\"><figure class=\"wp-block-uagb-image__figure\"><img decoding=\"async\" srcset=\"https:\/\/flowbergit.pl\/wp-content\/uploads\/2024\/03\/flowbacktape-kopia-zapasowa-backup.svg ,https:\/\/flowbergit.pl\/wp-content\/uploads\/2024\/03\/flowbacktape-kopia-zapasowa-backup.svg 780w, https:\/\/flowbergit.pl\/wp-content\/uploads\/2024\/03\/flowbacktape-kopia-zapasowa-backup.svg 360w\" sizes=\"(max-width: 480px) 150px\" src=\"https:\/\/flowbergit.pl\/wp-content\/uploads\/2024\/03\/flowbacktape-kopia-zapasowa-backup.svg\" alt=\"\" class=\"uag-image-8568\" width=\"589\" height=\"589\" title=\"flowbacktape-kopia-zapasowa-backup\" loading=\"lazy\"\/><\/figure><\/div>\n\n\n\n<div class=\"wp-block-uagb-advanced-heading uagb-block-138ccbf9\"><h3 class=\"uagb-heading-text\">FlowBack&amp;TAPE\u00a9 -  Backup Server on NLSAS disks and tapes<\/h3><\/div>\n\n\n\n<div class=\"wp-block-uagb-advanced-heading uagb-block-bf88af3b\"><p class=\"uagb-heading-text\">Cena od 15.00PLN<\/p><\/div>\n\n\n\n<div class=\"wp-block-uagb-buttons uagb-buttons__outer-wrap uagb-btn__default-btn uagb-btn-tablet__default-btn uagb-btn-mobile__default-btn uagb-block-a485e843\"><div class=\"uagb-buttons__wrap uagb-buttons-layout-wrap\">\n<div class=\"wp-block-uagb-buttons-child uagb-buttons__outer-wrap uagb-block-74fc9ee4 wp-block-button\"><div class=\"uagb-button__wrapper\"><a class=\"uagb-buttons-repeater wp-block-button__link\" aria-label=\"\" href=\"\/product\/flowbacktape-proxmox-backup-server-na-dyskach-nlsas-i-tasmach\/\" rel=\"follow noopener\" target=\"_self\"><div class=\"uagb-button__link\">Order service<\/div><\/a><\/div><\/div>\n<\/div><\/div>\n<\/div>\n\n\n\n<div class=\"wp-block-uagb-container uag-hide-desktop uag-hide-tab uag-hide-mob uagb-block-e33f2dfe\">\n<div class=\"wp-block-uagb-image alignleft uagb-block-32f053a1 wp-block-uagb-image--layout-default wp-block-uagb-image--effect-static wp-block-uagb-image--align-left\"><figure class=\"wp-block-uagb-image__figure\"><img decoding=\"async\" srcset=\"https:\/\/flowbergit.pl\/wp-content\/uploads\/2024\/02\/vps-standiflow-4vcpu-1.png ,https:\/\/flowbergit.pl\/wp-content\/uploads\/2024\/02\/vps-standiflow-4vcpu-1.png 780w, https:\/\/flowbergit.pl\/wp-content\/uploads\/2024\/02\/vps-standiflow-4vcpu-1.png 360w\" sizes=\"(max-width: 480px) 150px\" src=\"https:\/\/flowbergit.pl\/wp-content\/uploads\/2024\/02\/vps-standiflow-4vcpu-1.png\" alt=\"\" class=\"uag-image-6236\" width=\"589\" height=\"589\" title=\"\" loading=\"lazy\"\/><\/figure><\/div>\n\n\n\n<div class=\"wp-block-uagb-advanced-heading uagb-block-a95cb7b5\"><h3 class=\"uagb-heading-text\">standFLOW<\/h3><\/div>\n\n\n\n<ul style=\"font-size:14px\" class=\"technical-details\">\n<li>Number of vCPUs: <em>4<\/em><\/li>\n\n\n\n<li>RAM: <em>8GB<\/em><\/li>\n\n\n\n<li>NVme SSD: <em>110GB<\/em><\/li>\n\n\n\n<li>Operating system: <em>Linux<\/em><\/li>\n<\/ul>\n\n\n\n<div class=\"wp-block-uagb-advanced-heading uagb-block-7a84b629\"><p class=\"uagb-heading-text\">Cena od 73.78 PLN<\/p><\/div>\n\n\n\n<div class=\"wp-block-uagb-buttons uagb-buttons__outer-wrap uagb-btn__default-btn uagb-btn-tablet__default-btn uagb-btn-mobile__default-btn uagb-block-1df49b16\"><div class=\"uagb-buttons__wrap uagb-buttons-layout-wrap\">\n<div class=\"wp-block-uagb-buttons-child uagb-buttons__outer-wrap uagb-block-dc9d2129 wp-block-button\"><div class=\"uagb-button__wrapper\"><a class=\"uagb-buttons-repeater wp-block-button__link\" aria-label=\"\" href=\"\/product\/standflow\/\" rel=\"follow noopener\" target=\"_self\"><div class=\"uagb-button__link\">Check out the details<\/div><\/a><\/div><\/div>\n<\/div><\/div>\n<\/div>\n\n\n\n<div class=\"wp-block-uagb-container compare-promoted uag-hide-desktop uag-hide-tab uag-hide-mob uagb-block-3df5ea67\">\n<div class=\"wp-block-uagb-image alignleft uagb-block-f0f409c7 wp-block-uagb-image--layout-default wp-block-uagb-image--effect-static wp-block-uagb-image--align-left\"><figure class=\"wp-block-uagb-image__figure\"><img decoding=\"async\" srcset=\"https:\/\/flowbergit.pl\/wp-content\/uploads\/2024\/02\/vps-optiflow-8vcpu-1.png ,https:\/\/flowbergit.pl\/wp-content\/uploads\/2024\/02\/vps-optiflow-8vcpu-1.png 780w, https:\/\/flowbergit.pl\/wp-content\/uploads\/2024\/02\/vps-optiflow-8vcpu-1.png 360w\" sizes=\"(max-width: 480px) 150px\" src=\"https:\/\/flowbergit.pl\/wp-content\/uploads\/2024\/02\/vps-optiflow-8vcpu-1.png\" alt=\"\" class=\"uag-image-6235\" width=\"589\" height=\"589\" title=\"\" loading=\"lazy\"\/><\/figure><\/div>\n\n\n\n<div class=\"wp-block-uagb-advanced-heading uagb-block-35e12c89\"><h3 class=\"uagb-heading-text\">optiFLOW<\/h3><\/div>\n\n\n\n<ul style=\"font-size:14px\" class=\"technical-details\">\n<li>Number of vCPUs: <em>8<\/em><\/li>\n\n\n\n<li>RAM: <em>16GB<\/em><\/li>\n\n\n\n<li>NVme SSD: <em>160GB<\/em><\/li>\n\n\n\n<li>Operating system: <em>Linux<\/em><\/li>\n<\/ul>\n\n\n\n<div class=\"wp-block-uagb-advanced-heading uagb-block-2bb7aaf8\"><p class=\"uagb-heading-text\">Cena od 133.28 PLN<\/p><\/div>\n\n\n\n<div class=\"wp-block-uagb-buttons uagb-buttons__outer-wrap uagb-btn__default-btn uagb-btn-tablet__default-btn uagb-btn-mobile__default-btn uagb-block-2db44042\"><div class=\"uagb-buttons__wrap uagb-buttons-layout-wrap\">\n<div class=\"wp-block-uagb-buttons-child uagb-buttons__outer-wrap uagb-block-17be1c1f wp-block-button\"><div class=\"uagb-button__wrapper\"><a class=\"uagb-buttons-repeater wp-block-button__link\" aria-label=\"\" href=\"\/product\/optiflow\/\" rel=\"follow noopener\" target=\"_self\"><div class=\"uagb-button__link\">Check out the details<\/div><\/a><\/div><\/div>\n<\/div><\/div>\n<\/div>\n\n\n\n<div class=\"wp-block-uagb-container uag-hide-desktop uag-hide-tab uag-hide-mob uagb-block-90e0865e\">\n<div class=\"wp-block-uagb-image alignleft uagb-block-b748c4e4 wp-block-uagb-image--layout-default wp-block-uagb-image--effect-static wp-block-uagb-image--align-left\"><figure class=\"wp-block-uagb-image__figure\"><img decoding=\"async\" srcset=\"https:\/\/flowbergit.pl\/wp-content\/uploads\/2024\/02\/vps-maxiflow-16vcpu-1.png ,https:\/\/flowbergit.pl\/wp-content\/uploads\/2024\/02\/vps-maxiflow-16vcpu-1.png 780w, https:\/\/flowbergit.pl\/wp-content\/uploads\/2024\/02\/vps-maxiflow-16vcpu-1.png 360w\" sizes=\"(max-width: 480px) 150px\" src=\"https:\/\/flowbergit.pl\/wp-content\/uploads\/2024\/02\/vps-maxiflow-16vcpu-1.png\" alt=\"\" class=\"uag-image-6232\" width=\"589\" height=\"589\" title=\"\" loading=\"lazy\"\/><\/figure><\/div>\n\n\n\n<div class=\"wp-block-uagb-advanced-heading uagb-block-0d73fec5\"><h3 class=\"uagb-heading-text\">maxiFLOW<\/h3><\/div>\n\n\n\n<ul style=\"font-size:14px\" class=\"technical-details\">\n<li>Number of vCPUs: <em>16<\/em><\/li>\n\n\n\n<li>RAM: <em>32GB<\/em><\/li>\n\n\n\n<li>NVme SSD: <em>200GB<\/em><\/li>\n\n\n\n<li>Operating system: <em>Linux<\/em><\/li>\n<\/ul>\n\n\n\n<div class=\"wp-block-uagb-advanced-heading uagb-block-581b2909\"><p class=\"uagb-heading-text\">Cena od 280.00 PLN<\/p><\/div>\n\n\n\n<div class=\"wp-block-uagb-buttons uagb-buttons__outer-wrap uagb-btn__default-btn uagb-btn-tablet__default-btn uagb-btn-mobile__default-btn uagb-block-f040535f\"><div class=\"uagb-buttons__wrap uagb-buttons-layout-wrap\">\n<div class=\"wp-block-uagb-buttons-child uagb-buttons__outer-wrap uagb-block-b0ffe8ec wp-block-button\"><div class=\"uagb-button__wrapper\"><a class=\"uagb-buttons-repeater wp-block-button__link\" aria-label=\"\" href=\"\/product\/maxiflow\/\" rel=\"follow noopener\" target=\"_self\"><div class=\"uagb-button__link\">Check out the details<\/div><\/a><\/div><\/div>\n<\/div><\/div>\n<\/div>\n<\/div><\/div>\n\n\n\n<div class=\"wp-block-uagb-container uag-hide-desktop uag-hide-tab uag-hide-mob uagb-block-6fa6f7fe alignfull uagb-is-root-container\"><div class=\"uagb-container-inner-blocks-wrap\">\n<div class=\"wp-block-uagb-separator uagb-block-c39b8078\"><div class=\"wp-block-uagb-separator__inner\" style=\"--my-background-image:\"><\/div><\/div>\n<\/div><\/div>\n\n\n\n<div class=\"wp-block-uagb-container uagb-block-301ce58f alignfull uagb-is-root-container\"><div class=\"uagb-container-inner-blocks-wrap\">\n<div class=\"wp-block-uagb-container uagb-block-f132f275\">\n<div class=\"wp-block-uagb-advanced-heading uagb-block-4b0eac00\"><h3 class=\"uagb-heading-text\">FlowBack and FlowBack&amp;Tape are based on a client-server architecture, allowing a number of independent hosts to use these solutions. <span style=\"color: #e57000; font-weight: 700;\">The system enables fast full backups, minimizing downtime<\/span> and ensuring business continuity.  <\/h3><\/div>\n<\/div>\n<\/div><\/div>\n\n\n\n<div class=\"wp-block-uagb-container uagb-block-343586ad alignfull uagb-is-root-container\"><div class=\"uagb-container-inner-blocks-wrap\">\n<div class=\"wp-block-uagb-container benefit-infobox-orange uagb-block-67efc3bf\">\n<div class=\"wp-block-uagb-info-box uagb-block-a5bfc598 uagb-infobox__content-wrap  uagb-infobox-icon-above-title uagb-infobox-image-valign-top\"><div class=\"uagb-ifb-content\"><div class=\"uagb-ifb-title-wrap\"><h4 class=\"uagb-ifb-title\">Security<\/h4><\/div><p class=\"uagb-ifb-desc\">State-of-the-art encryption and data isolation provide protection against external attacks and system failures.<\/p><\/div><\/div>\n<\/div>\n\n\n\n<div class=\"wp-block-uagb-container benefit-infobox-orange uagb-block-647e77c1\">\n<div class=\"wp-block-uagb-info-box uagb-block-3b726d68 uagb-infobox__content-wrap  uagb-infobox-icon-above-title uagb-infobox-image-valign-top\"><div class=\"uagb-ifb-content\"><div class=\"uagb-ifb-title-wrap\"><h4 class=\"uagb-ifb-title\">Flexibility<\/h4><\/div><p class=\"uagb-ifb-desc\">Scalable plans to fit your company's needs regardless of size.<\/p><\/div><\/div>\n<\/div>\n\n\n\n<div class=\"wp-block-uagb-container benefit-infobox-orange uagb-block-a3e7ea81\">\n<div class=\"wp-block-uagb-info-box uagb-block-44036b4e uagb-infobox__content-wrap  uagb-infobox-icon-above-title uagb-infobox-image-valign-top\"><div class=\"uagb-ifb-content\"><div class=\"uagb-ifb-title-wrap\"><h4 class=\"uagb-ifb-title\">Simplicity<\/h4><\/div><p class=\"uagb-ifb-desc\">PROXMOX's intuitive user interface makes it easy to manage backups, minimizing the need for IT involvement.<\/p><\/div><\/div>\n<\/div>\n<\/div><\/div>\n\n\n\n<div class=\"wp-block-uagb-container uagb-block-409f8fc9 alignfull uagb-is-root-container\"><div class=\"uagb-container-inner-blocks-wrap\">\n<div class=\"wp-block-uagb-container benefit-infobox-orange uagb-block-f24b2f9a\">\n<div class=\"wp-block-uagb-info-box uagb-block-2d7826d1 uagb-infobox__content-wrap  uagb-infobox-icon-above-title uagb-infobox-image-valign-top\"><div class=\"uagb-ifb-content\"><div class=\"uagb-ifb-title-wrap\"><h4 class=\"uagb-ifb-title\">Technical support<\/h4><\/div><p class=\"uagb-ifb-desc\">Our team of experts provides technical support and operational reliability.<\/p><\/div><\/div>\n<\/div>\n\n\n\n<div class=\"wp-block-uagb-container benefit-infobox-orange uagb-block-c45da3ce\">\n<div class=\"wp-block-uagb-info-box uagb-block-f47917e6 uagb-infobox__content-wrap  uagb-infobox-icon-above-title uagb-infobox-image-valign-top\"><div class=\"uagb-ifb-content\"><div class=\"uagb-ifb-title-wrap\"><h4 class=\"uagb-ifb-title\">Performance<\/h4><\/div><p class=\"uagb-ifb-desc\">The service does not automatically increase backup space, which means no unexpected costs for the user, and space expansion is done on demand.  <\/p><\/div><\/div>\n<\/div>\n\n\n\n<div class=\"wp-block-uagb-container benefit-infobox-orange uagb-block-75932dae\">\n<div class=\"wp-block-uagb-info-box uagb-block-32c21ea6 uagb-infobox__content-wrap  uagb-infobox-icon-above-title uagb-infobox-image-valign-top\"><div class=\"uagb-ifb-content\"><div class=\"uagb-ifb-title-wrap\"><h4 class=\"uagb-ifb-title\">Compression<\/h4><\/div><p class=\"uagb-ifb-desc\">The compression technology used in the service allows a significant reduction in backup space and data storage costs.<\/p><\/div><\/div>\n<\/div>\n<\/div><\/div>\n\n\n\n<div class=\"wp-block-uagb-container uag-hide-desktop uag-hide-tab uag-hide-mob uagb-block-b5bb3c3b alignfull uagb-is-root-container\"><div class=\"uagb-container-inner-blocks-wrap\">\n<div class=\"wp-block-uagb-faq uagb-faq__outer-wrap uagb-block-5392e0e3 uagb-faq-icon-row-reverse uagb-faq-layout-accordion uagb-faq-expand-first-true uagb-faq-inactive-other-true uagb-faq__wrap uagb-buttons-layout-wrap uagb-faq-equal-height\" data-faqtoggle=\"true\" role=\"tablist\">\n<div class=\"wp-block-uagb-faq-child uagb-faq-child__outer-wrap uagb-faq-item uagb-block-39e38450\" role=\"tab\" tabindex=\"0\"><div class=\"uagb-faq-questions-button uagb-faq-questions\"><span class=\"uagb-icon uagb-faq-icon-wrap\"><svg xmlns=\"https:\/\/www.w3.org\/2000\/svg\" viewbox=\"0 0 256 512\"><path d=\"M64 448c-8.188 0-16.38-3.125-22.62-9.375c-12.5-12.5-12.5-32.75 0-45.25L178.8 256L41.38 118.6c-12.5-12.5-12.5-32.75 0-45.25s32.75-12.5 45.25 0l160 160c12.5 12.5 12.5 32.75 0 45.25l-160 160C80.38 444.9 72.19 448 64 448z\"><\/path><\/svg><\/span><span class=\"uagb-icon-active uagb-faq-icon-wrap\"><svg xmlns=\"https:\/\/www.w3.org\/2000\/svg\" viewbox=\"0 0 384 512\"><path d=\"M192 384c-8.188 0-16.38-3.125-22.62-9.375l-160-160c-12.5-12.5-12.5-32.75 0-45.25s32.75-12.5 45.25 0L192 306.8l137.4-137.4c12.5-12.5 32.75-12.5 45.25 0s12.5 32.75 0 45.25l-160 160C208.4 380.9 200.2 384 192 384z\"><\/path><\/svg><\/span><p class=\"uagb-question\">What is a virtual VPS server?<\/p><\/div><div class=\"uagb-faq-content\"><p>A Virtual Private Server (VPS) is a separate, isolated part of a server to which you have access. You don't get the whole physical machine exclusively (it's a dedicated server), but you can use the server's hardware resources (processor, memory, disks) guaranteed to you. <\/p><\/div><\/div>\n\n\n\n<div class=\"wp-block-uagb-faq-child uagb-faq-child__outer-wrap uagb-faq-item uagb-block-3fd8adf0\" role=\"tab\" tabindex=\"0\"><div class=\"uagb-faq-questions-button uagb-faq-questions\"><span class=\"uagb-icon uagb-faq-icon-wrap\"><svg xmlns=\"https:\/\/www.w3.org\/2000\/svg\" viewbox=\"0 0 256 512\"><path d=\"M64 448c-8.188 0-16.38-3.125-22.62-9.375c-12.5-12.5-12.5-32.75 0-45.25L178.8 256L41.38 118.6c-12.5-12.5-12.5-32.75 0-45.25s32.75-12.5 45.25 0l160 160c12.5 12.5 12.5 32.75 0 45.25l-160 160C80.38 444.9 72.19 448 64 448z\"><\/path><\/svg><\/span><span class=\"uagb-icon-active uagb-faq-icon-wrap\"><svg xmlns=\"https:\/\/www.w3.org\/2000\/svg\" viewbox=\"0 0 384 512\"><path d=\"M192 384c-8.188 0-16.38-3.125-22.62-9.375l-160-160c-12.5-12.5-12.5-32.75 0-45.25s32.75-12.5 45.25 0L192 306.8l137.4-137.4c12.5-12.5 32.75-12.5 45.25 0s12.5 32.75 0 45.25l-160 160C208.4 380.9 200.2 384 192 384z\"><\/path><\/svg><\/span><p class=\"uagb-question\">Can you create your own online store on a VPS?<\/p><\/div><div class=\"uagb-faq-content\"><p>Yes, you can create your own online store on a VPS. VPS offers full control over the environment, ideal for an online store. <\/p><\/div><\/div>\n\n\n\n<div class=\"wp-block-uagb-faq-child uagb-faq-child__outer-wrap uagb-faq-item uagb-block-45b86b77\" role=\"tab\" tabindex=\"0\"><div class=\"uagb-faq-questions-button uagb-faq-questions\"><span class=\"uagb-icon uagb-faq-icon-wrap\"><svg xmlns=\"https:\/\/www.w3.org\/2000\/svg\" viewbox=\"0 0 256 512\"><path d=\"M64 448c-8.188 0-16.38-3.125-22.62-9.375c-12.5-12.5-12.5-32.75 0-45.25L178.8 256L41.38 118.6c-12.5-12.5-12.5-32.75 0-45.25s32.75-12.5 45.25 0l160 160c12.5 12.5 12.5 32.75 0 45.25l-160 160C80.38 444.9 72.19 448 64 448z\"><\/path><\/svg><\/span><span class=\"uagb-icon-active uagb-faq-icon-wrap\"><svg xmlns=\"https:\/\/www.w3.org\/2000\/svg\" viewbox=\"0 0 384 512\"><path d=\"M192 384c-8.188 0-16.38-3.125-22.62-9.375l-160-160c-12.5-12.5-12.5-32.75 0-45.25s32.75-12.5 45.25 0L192 306.8l137.4-137.4c12.5-12.5 32.75-12.5 45.25 0s12.5 32.75 0 45.25l-160 160C208.4 380.9 200.2 384 192 384z\"><\/path><\/svg><\/span><p class=\"uagb-question\">What virtualization technology do the offered VPS servers use?<\/p><\/div><div class=\"uagb-faq-content\"><p>Our VPS servers use KVM Proxmox virtualization technology, which is one of the most advanced solutions in the field. KVM provides full isolation and dedicated resources, making it an ideal choice for a variety of applications, including e-commerce or business applications. <\/p><\/div><\/div>\n\n\n\n<div class=\"wp-block-uagb-faq-child uagb-faq-child__outer-wrap uagb-faq-item uagb-block-3c608ac0\" role=\"tab\" tabindex=\"0\"><div class=\"uagb-faq-questions-button uagb-faq-questions\"><span class=\"uagb-icon uagb-faq-icon-wrap\"><svg xmlns=\"https:\/\/www.w3.org\/2000\/svg\" viewbox=\"0 0 256 512\"><path d=\"M64 448c-8.188 0-16.38-3.125-22.62-9.375c-12.5-12.5-12.5-32.75 0-45.25L178.8 256L41.38 118.6c-12.5-12.5-12.5-32.75 0-45.25s32.75-12.5 45.25 0l160 160c12.5 12.5 12.5 32.75 0 45.25l-160 160C80.38 444.9 72.19 448 64 448z\"><\/path><\/svg><\/span><span class=\"uagb-icon-active uagb-faq-icon-wrap\"><svg xmlns=\"https:\/\/www.w3.org\/2000\/svg\" viewbox=\"0 0 384 512\"><path d=\"M192 384c-8.188 0-16.38-3.125-22.62-9.375l-160-160c-12.5-12.5-12.5-32.75 0-45.25s32.75-12.5 45.25 0L192 306.8l137.4-137.4c12.5-12.5 32.75-12.5 45.25 0s12.5 32.75 0 45.25l-160 160C208.4 380.9 200.2 384 192 384z\"><\/path><\/svg><\/span><p class=\"uagb-question\">Where is the Data Center located?<\/p><\/div><div class=\"uagb-faq-content\"><p>The VPS servers are located in a modern Data Center in Wroclaw. The Data Center building is equipped with state-of-the-art systems that provide comprehensive protection and monitoring over the operation of the equipment inside. The facility is equipped with independent cooling units, UPS, generator, , which guarantee a constant supply of cooling and electricity.  <\/p><\/div><\/div>\n<\/div>\n<\/div><\/div>\n\n\n\n<div class=\"wp-block-uagb-container uagb-block-b1fadad7 alignfull uagb-is-root-container\"><div class=\"uagb-container-inner-blocks-wrap\"><\/div><\/div>\n","protected":false},"excerpt":{"rendered":"<p>FlowBack i FlowBack&amp;Tape This is a service for creating backups and restoring data in environments based on Proxmox Virtual Environment (Proxmox VE). With this solution, you can easily manage backups of virtual machines and containers. Our service, based on the advanced Proxmox platform, enables easy management of backup and data recovery. One of the key &hellip;<\/p>\n","protected":false},"author":34,"featured_media":7809,"parent":0,"menu_order":0,"comment_status":"closed","ping_status":"closed","template":"","meta":{"_uag_custom_page_level_css":"","footnotes":""},"uagb_featured_image_src":{"full":["https:\/\/flowbergit.pl\/wp-content\/uploads\/2024\/02\/backup-proxmox-flowbergit.jpg",1240,390,false],"thumbnail":["https:\/\/flowbergit.pl\/wp-content\/uploads\/2024\/02\/backup-proxmox-flowbergit-150x150.jpg",150,150,true],"medium":["https:\/\/flowbergit.pl\/wp-content\/uploads\/2024\/02\/backup-proxmox-flowbergit-300x94.jpg",300,94,true],"medium_large":["https:\/\/flowbergit.pl\/wp-content\/uploads\/2024\/02\/backup-proxmox-flowbergit-768x242.jpg",768,242,true],"large":["https:\/\/flowbergit.pl\/wp-content\/uploads\/2024\/02\/backup-proxmox-flowbergit-1024x322.jpg",1024,322,true],"1536x1536":["https:\/\/flowbergit.pl\/wp-content\/uploads\/2024\/02\/backup-proxmox-flowbergit.jpg",1240,390,false],"2048x2048":["https:\/\/flowbergit.pl\/wp-content\/uploads\/2024\/02\/backup-proxmox-flowbergit.jpg",1240,390,false],"woocommerce_thumbnail":["https:\/\/flowbergit.pl\/wp-content\/uploads\/2024\/02\/backup-proxmox-flowbergit-300x300.jpg",300,300,true],"woocommerce_single":["https:\/\/flowbergit.pl\/wp-content\/uploads\/2024\/02\/backup-proxmox-flowbergit-600x189.jpg",600,189,true],"woocommerce_gallery_thumbnail":["https:\/\/flowbergit.pl\/wp-content\/uploads\/2024\/02\/backup-proxmox-flowbergit-100x100.jpg",100,100,true]},"uagb_author_info":{"display_name":"Mateusz Knopczy\u0144ski","author_link":"#"},"uagb_comment_info":0,"uagb_excerpt":"FlowBack i FlowBack&amp;Tape This is a service for creating backups and restoring data in environments based on Proxmox Virtual Environment (Proxmox VE). With this solution, you can easily manage backups of virtual machines and containers. Our service, based on the advanced Proxmox platform, enables easy management of backup and data recovery. One of the key&hellip;","_links":{"self":[{"href":"https:\/\/flowbergit.pl\/en\/wp-json\/wp\/v2\/pages\/8413"}],"collection":[{"href":"https:\/\/flowbergit.pl\/en\/wp-json\/wp\/v2\/pages"}],"about":[{"href":"https:\/\/flowbergit.pl\/en\/wp-json\/wp\/v2\/types\/page"}],"author":[{"embeddable":true,"href":"https:\/\/flowbergit.pl\/en\/wp-json\/wp\/v2\/users\/34"}],"replies":[{"embeddable":true,"href":"https:\/\/flowbergit.pl\/en\/wp-json\/wp\/v2\/comments?post=8413"}],"version-history":[{"count":15,"href":"https:\/\/flowbergit.pl\/en\/wp-json\/wp\/v2\/pages\/8413\/revisions"}],"predecessor-version":[{"id":8901,"href":"https:\/\/flowbergit.pl\/en\/wp-json\/wp\/v2\/pages\/8413\/revisions\/8901"}],"wp:featuredmedia":[{"embeddable":true,"href":"https:\/\/flowbergit.pl\/en\/wp-json\/wp\/v2\/media\/7809"}],"wp:attachment":[{"href":"https:\/\/flowbergit.pl\/en\/wp-json\/wp\/v2\/media?parent=8413"}],"curies":[{"name":"wp","href":"https:\/\/api.w.org\/{rel}","templated":true}]}}